{"id":1053,"date":"2019-10-26T12:46:49","date_gmt":"2019-10-26T12:46:49","guid":{"rendered":"http:\/\/www.kuvailla.fi\/?page_id=1053"},"modified":"2023-02-09T10:57:42","modified_gmt":"2023-02-09T10:57:42","slug":"kaupunki-kohteena","status":"publish","type":"page","link":"https:\/\/www.kuvailla.fi\/?page_id=1053","title":{"rendered":"KAUPUNKI KOHTEENA"},"content":{"rendered":"<header><b><i>ZEN-VALOKUVAUSRETKEN <\/i><\/b><b><i>VALOKUVIEN KATSELMUS<\/i><\/b><\/header>\n<p style=\"text-align: justify;\"><em>Tervetuloa Zen-valokuvaretken valokuvien katselmukseen. Retki tehtiin 5.10.2019 Helsingin Puu-Vallilaan ja kuvaajat ottivat valokuvia my\u00f6s retken j\u00e4lkeen eripuolilla Helsinki\u00e4.\u00a0 Retken ohjelmaan kuului Mikko Vimalamitran alustus Zen-valokuvauksesta. Ensimm\u00e4iseksi h\u00e4n totesi, ettei sellaista kuin Zen-valokuvaa ole olemassa, mutta tapa, jolla kuva kuvataan voi olla zen-valokuvausta.\u00a0 Zen-valokuvauksen l\u00e4ht\u00f6kohdat ovat hiljaisessa my\u00f6t\u00e4tuntoisessa maailmantarkkailussa, jossa ymm\u00e4rret\u00e4\u00e4n kaikkien ilmi\u00f6iden pysym\u00e4tt\u00f6myys. Zen-ajattelu perustuu pyrkim\u00e4tt\u00f6myyteen, l\u00f6yt\u00e4miseen ja asioiden syy-suhteiden oivaltamiseen sek\u00e4 vapautumiseen kaikesta takertumisesta.<\/em><\/p>\n<p style=\"text-align: justify;\">Zen valokuvauksen mottona voidaan pit\u00e4\u00e4 japanilaista Wabi Sabi k\u00e4sitett\u00e4: \u00a0&#8221;-Wabi ja Sabi japanilaisessa estetiikassa\u201d ovat japanilainen ja it\u00e4-aasialainen esteettinen k\u00e4site. \u201cSiin\u00e4 havaitaan kauneutta ep\u00e4t\u00e4ydellisyydess\u00e4, luonnon kiertokulussa ja hyv\u00e4ksyt\u00e4\u00e4n luonnollisena syntym\u00e4, kukoistus, rapistuminen sek\u00e4 kuolema. Wabi Sabi on ennen kaikkea yksinkertaisuutta, selke\u00e4linjaista ja aitoa. Wabi Sabi ei peit\u00e4 rakoja eik\u00e4 j\u00e4lki\u00e4, jotka aika, s\u00e4\u00e4 ja pitk\u00e4aikainen olemassaolo j\u00e4tt\u00e4\u00e4 j\u00e4lkeens\u00e4. T\u00e4ss\u00e4 estetiikassa muistutetaan meit\u00e4 kaiken ohimenevyydest\u00e4. Kaikkien ilmi\u00f6iden pysym\u00e4tt\u00f6myydest\u00e4 ja keskener\u00e4isyydest\u00e4\u201d. (&#8221;Teetaide ja runous, wabi ja sabi japanilaisessa estetiikassa \/ Minna Ev\u00e4soja. Helsinki : Suomalaisen Kirjallisuuden Seura, 2013 Vantaa : Hansaprint)<\/p>\n<p><strong>Kuvat esitell\u00e4\u00e4n videolta.<\/strong> Voit kuunnella Helsingin \u00e4\u00e4nimaisema samalla, kun katselet retken valokuvia.<\/p>\n<p><strong>\u00c4\u00c4NIPALKKI<\/strong>: K\u00e4ynnist\u00e4 \u00e4\u00e4ni napauttamalla vasemmalla olevaa valkoista nuolta ja katso valokuvat \u00e4\u00e4nipalkin alapuolella olevasta Vimeo soittimesta. \u00c4\u00e4ni ja video ovat jatkuvasti toistuvia.<\/p>\n<audio class=\"wp-audio-shortcode\" id=\"audio-1053-1\" loop preload=\"auto\" style=\"width: 100%;\" controls=\"controls\"><source type=\"audio\/wav\" src=\"https:\/\/www.kuvailla.fi\/wp-content\/uploads\/2019\/10\/Zen-kaup.wav?_=1\" \/><a href=\"https:\/\/www.kuvailla.fi\/wp-content\/uploads\/2019\/10\/Zen-kaup.wav\">https:\/\/www.kuvailla.fi\/wp-content\/uploads\/2019\/10\/Zen-kaup.wav<\/a><\/audio>\n<p><iframe loading=\"lazy\" src=\"https:\/\/player.vimeo.com\/video\/368988917\" width=\"640\" height=\"480\" frameborder=\"0\" allowfullscreen=\"allowfullscreen\"><\/iframe><\/p>\n<p><strong>Halautko osallistua seuraavaan Zen-valokuvausprojektiin ja\/tai retkelle?<\/strong><\/p>\n<p><strong>Aiheena: Nelj\u00e4 Vuodenaikaa<br \/>\n<\/strong><strong>Kuvaa samaa kohdetta nelj\u00e4n\u00e4 eri vuodenaikaina.<\/strong><br \/>\nProjektin ideana on muutos. Kuvaa samaa kohdetta syksyst\u00e4 2019 aina seuraavaan syksyyn 2020. Tee valokuvaaminen itsellesi helpoksi. Kuvaa vaikka kotisi-ikkunasta n\u00e4kym\u00e4\u00e4, jossa n\u00e4kyy vuoden aikojen vaihtuminen. Voit asettaa kameran samaan kohtaan. Tai kuvaa miten itse haluat.\u00a0 Vedosta yksi valokuva syksyst\u00e4, talvesta, kev\u00e4\u00e4st\u00e4 ja kes\u00e4st\u00e4 A4 paperille syyskuussa 2020. Pid\u00e4mme n\u00e4yttelyn. Galleria ei ole viel\u00e4 valittu eik\u00e4 p\u00e4iv\u00e4m\u00e4\u00e4r\u00e4\u00e4 ole lukittu. Kuvat tulee olla kehystetty ja paspis kuvan p\u00e4\u00e4ll\u00e4. Kehys mieluummin ilman lasia tai lasin pit\u00e4\u00e4 olla heijastamaton. Osallistumismaksu 10 euroa. Valokuvia ei jyrytet\u00e4 eik\u00e4 valokuvaaja voi osallistua n\u00e4yttelyyn kuin nelj\u00e4ll\u00e4 vuodenaikavalokuvalla. Ilmoittautuminen alkaa marraskuussa 2019.<\/p>\n<p><strong>Seuraava Zen-Valokuvausretki<br \/>\n<\/strong>Seuraava valokuvausretki peruuntuu t\u00e4m\u00e4n syksyn osalta vet\u00e4j\u00e4n kiireiden vuoksi. Palataa vuoden 2020 alussa.<\/p>\n<p><strong>AIKAISEMPIA ZEN-VALOKUVAUSRETKI\u00c4<\/strong><\/p>\n<p style=\"padding-left: 40px;\"><a href=\"https:\/\/www.kuvailla.fi\/?page_id=653\">Lauttasaaren Zen-valokuvausretki 2018<\/a><br \/>\n<a href=\"https:\/\/www.kuvailla.fi\/?page_id=165\">Zen-Valokuvausretki, Talven valo, Kopparn\u00e4s 2017<\/a><br \/>\n<a href=\"https:\/\/www.bodhidharma.fi\/Zen-retki\">Zen-Valokuvausretki Veikkolasta Siikaj\u00e4rvelle 2016<\/a><\/p>\n<p><strong>Huomatus:<\/strong> (c) Kuvat ovat kuvaajien omaisuutta ja k\u00e4ytt\u00f6 ilman lupaa rikkoo EU-alueella olevaa lakia tekij\u00e4noikeuksista ja universaaleja eettisi\u00e4 periaatteita.<br \/>\n(c) All the pictures are legally owned by photographers and using the pictures without permission is a violation against copyright laws in EU and universal principles of ethics.<\/p>\n<header>Projektin ja retkien vet\u00e4j\u00e4:<\/header>\n<header><em><strong>Mikko Vimalamitra <\/strong><\/em>toimii Dharmaopettajana ja meditaatio-ohjaajana<strong><br \/>\n<\/strong><\/header>\n<header>Bodhidharma yhdistyksess\u00e4<a href=\"http:\/\/www.bodhidharma.fi\/\">\u00a0www.bodhidharma.fi<\/a>.<br \/>\nvimalamitra@gmail.com<\/p>\n<\/header>\n<header><\/header>\n","protected":false},"excerpt":{"rendered":"<p>ZEN-VALOKUVAUSRETKEN VALOKUVIEN KATSELMUS Tervetuloa Zen-valokuvaretken valokuvien katselmukseen. Retki tehtiin 5.10.2019 Helsingin Puu-Vallilaan ja kuvaajat ottivat valokuvia my\u00f6s retken j\u00e4lkeen eripuolilla Helsinki\u00e4.\u00a0 Retken ohjelmaan kuului Mikko Vimalamitran alustus Zen-valokuvauksesta. Ensimm\u00e4iseksi h\u00e4n <a class=\"more-link\" href=\"https:\/\/www.kuvailla.fi\/?page_id=1053\">Lue lis\u00e4\u00e4 &#8230;<\/a><\/p>\n","protected":false},"author":1,"featured_media":0,"parent":0,"menu_order":0,"comment_status":"closed","ping_status":"closed","template":"","meta":{"footnotes":""},"class_list":["post-1053","page","type-page","status-publish","hentry"],"_links":{"self":[{"href":"https:\/\/www.kuvailla.fi\/index.php?rest_route=\/wp\/v2\/pages\/1053","targetHints":{"allow":["GET"]}}],"collection":[{"href":"https:\/\/www.kuvailla.fi\/index.php?rest_route=\/wp\/v2\/pages"}],"about":[{"href":"https:\/\/www.kuvailla.fi\/index.php?rest_route=\/wp\/v2\/types\/page"}],"author":[{"embeddable":true,"href":"https:\/\/www.kuvailla.fi\/index.php?rest_route=\/wp\/v2\/users\/1"}],"replies":[{"embeddable":true,"href":"https:\/\/www.kuvailla.fi\/index.php?rest_route=%2Fwp%2Fv2%2Fcomments&post=1053"}],"version-history":[{"count":26,"href":"https:\/\/www.kuvailla.fi\/index.php?rest_route=\/wp\/v2\/pages\/1053\/revisions"}],"predecessor-version":[{"id":4045,"href":"https:\/\/www.kuvailla.fi\/index.php?rest_route=\/wp\/v2\/pages\/1053\/revisions\/4045"}],"wp:attachment":[{"href":"https:\/\/www.kuvailla.fi\/index.php?rest_route=%2Fwp%2Fv2%2Fmedia&parent=1053"}],"curies":[{"name":"wp","href":"https:\/\/api.w.org\/{rel}","templated":true}]}}