{"id":1713,"date":"2021-01-02T15:41:31","date_gmt":"2021-01-02T15:41:31","guid":{"rendered":"http:\/\/www.kuvailla.fi\/?page_id=1713"},"modified":"2022-04-23T07:15:11","modified_gmt":"2022-04-23T07:15:11","slug":"talven-valo-02-12-2017","status":"publish","type":"page","link":"https:\/\/www.kuvailla.fi\/?page_id=1713","title":{"rendered":"Talven Valo 02.12.2017"},"content":{"rendered":"\n<p style=\"text-align: left;\">Talven Valo, zen-valokuvausretki suuntautui vet\u00e4j\u00e4n ep\u00e4m\u00e4\u00e4r\u00e4isell\u00e4\u00a0 ilmoituksella: -menn\u00e4\u00e4n Inkooseen p\u00e4in. Noin tunnin ajomatkan j\u00e4lkeen valokuvaajat l\u00f6ysiv\u00e4t itsens\u00e4 liikkumassa varovaisesti Kopparn\u00e4sin kallioilla. Joulukuun alun valo oli varsin vaihtelevaa ja my\u00f6s kaikki s\u00e4\u00e4tyypit olivat edustavasti esill\u00e4. Valokuvauksen ja hiljaisen ty\u00f6skentelyn lis\u00e4ksi oli ohjelmassa hiljainen ateria, joka j\u00e4i osallistujien mieliin el\u00e4myksen\u00e4. T\u00e4ss\u00e4 esill\u00e4 on kuvia jokaiselta osallistujalta vain kolme kappaletta. Kopparn\u00e4siin j\u00e4i viel\u00e4 paljon el\u00e4myksellist\u00e4 valokuvattavia kohteita. Ehk\u00e4 palaamme samaan hiljaiseen valokuvaukseen viel\u00e4 uudemman kerran samalle suunnalle?\u00a0\u00a0<\/p>\n\n\n\n<figure class=\"wp-block-gallery has-nested-images columns-default is-cropped wp-block-gallery-1 is-layout-flex wp-block-gallery-is-layout-flex\">\n<figure class=\"wp-block-image size-large\"><a href=\"https:\/\/www.kuvailla.fi\/wp-content\/uploads\/2017\/12\/20171202-ae-0053-19.jpg\"><img loading=\"lazy\" decoding=\"async\" width=\"683\" height=\"1024\" data-id=\"153\" src=\"https:\/\/www.kuvailla.fi\/wp-content\/uploads\/2017\/12\/20171202-ae-0053-19-683x1024.jpg\" alt=\"\" class=\"wp-image-153\" srcset=\"https:\/\/www.kuvailla.fi\/wp-content\/uploads\/2017\/12\/20171202-ae-0053-19-683x1024.jpg 683w, https:\/\/www.kuvailla.fi\/wp-content\/uploads\/2017\/12\/20171202-ae-0053-19-200x300.jpg 200w, https:\/\/www.kuvailla.fi\/wp-content\/uploads\/2017\/12\/20171202-ae-0053-19-768x1152.jpg 768w, https:\/\/www.kuvailla.fi\/wp-content\/uploads\/2017\/12\/20171202-ae-0053-19.jpg 800w\" sizes=\"auto, (max-width: 683px) 100vw, 683px\" \/><\/a><figcaption>\u00c6<\/figcaption><\/figure>\n\n\n\n<figure class=\"wp-block-image size-large\"><a href=\"https:\/\/www.kuvailla.fi\/wp-content\/uploads\/2017\/12\/20171202-ae-0053-44.jpg\"><img loading=\"lazy\" decoding=\"async\" width=\"1024\" height=\"683\" data-id=\"154\" src=\"https:\/\/www.kuvailla.fi\/wp-content\/uploads\/2017\/12\/20171202-ae-0053-44-1024x683.jpg\" alt=\"\" class=\"wp-image-154\" srcset=\"https:\/\/www.kuvailla.fi\/wp-content\/uploads\/2017\/12\/20171202-ae-0053-44-1024x683.jpg 1024w, https:\/\/www.kuvailla.fi\/wp-content\/uploads\/2017\/12\/20171202-ae-0053-44-300x200.jpg 300w, https:\/\/www.kuvailla.fi\/wp-content\/uploads\/2017\/12\/20171202-ae-0053-44-768x512.jpg 768w, https:\/\/www.kuvailla.fi\/wp-content\/uploads\/2017\/12\/20171202-ae-0053-44.jpg 1200w\" sizes=\"auto, (max-width: 1024px) 100vw, 1024px\" \/><\/a><figcaption>\u00c6<\/figcaption><\/figure>\n\n\n\n<figure class=\"wp-block-image size-large\"><a href=\"https:\/\/www.kuvailla.fi\/wp-content\/uploads\/2017\/12\/20171202-ae-0053-47.jpg\"><img loading=\"lazy\" decoding=\"async\" width=\"1024\" height=\"683\" data-id=\"155\" src=\"https:\/\/www.kuvailla.fi\/wp-content\/uploads\/2017\/12\/20171202-ae-0053-47-1024x683.jpg\" alt=\"\" class=\"wp-image-155\" srcset=\"https:\/\/www.kuvailla.fi\/wp-content\/uploads\/2017\/12\/20171202-ae-0053-47-1024x683.jpg 1024w, https:\/\/www.kuvailla.fi\/wp-content\/uploads\/2017\/12\/20171202-ae-0053-47-300x200.jpg 300w, https:\/\/www.kuvailla.fi\/wp-content\/uploads\/2017\/12\/20171202-ae-0053-47-768x512.jpg 768w, https:\/\/www.kuvailla.fi\/wp-content\/uploads\/2017\/12\/20171202-ae-0053-47.jpg 1200w\" sizes=\"auto, (max-width: 1024px) 100vw, 1024px\" \/><\/a><figcaption>\u00c6<\/figcaption><\/figure>\n\n\n\n<figure class=\"wp-block-image size-large\"><a href=\"https:\/\/www.kuvailla.fi\/wp-content\/uploads\/2017\/12\/Image-055-zen-1.jpg\"><img loading=\"lazy\" decoding=\"async\" width=\"748\" height=\"1024\" data-id=\"156\" src=\"https:\/\/www.kuvailla.fi\/wp-content\/uploads\/2017\/12\/Image-055-zen-1-748x1024.jpg\" alt=\"\" class=\"wp-image-156\" srcset=\"https:\/\/www.kuvailla.fi\/wp-content\/uploads\/2017\/12\/Image-055-zen-1-748x1024.jpg 748w, https:\/\/www.kuvailla.fi\/wp-content\/uploads\/2017\/12\/Image-055-zen-1-219x300.jpg 219w, https:\/\/www.kuvailla.fi\/wp-content\/uploads\/2017\/12\/Image-055-zen-1-768x1052.jpg 768w\" sizes=\"auto, (max-width: 748px) 100vw, 748px\" \/><\/a><figcaption>Buddha\u1e43 sarana\u1e43 gacch\u0101mi<\/figcaption><\/figure>\n\n\n\n<figure class=\"wp-block-image size-large\"><a href=\"https:\/\/www.kuvailla.fi\/wp-content\/uploads\/2017\/12\/zen-2.jpg\"><img loading=\"lazy\" decoding=\"async\" width=\"866\" height=\"1024\" data-id=\"157\" src=\"https:\/\/www.kuvailla.fi\/wp-content\/uploads\/2017\/12\/zen-2-866x1024.jpg\" alt=\"\" class=\"wp-image-157\" srcset=\"https:\/\/www.kuvailla.fi\/wp-content\/uploads\/2017\/12\/zen-2-866x1024.jpg 866w, https:\/\/www.kuvailla.fi\/wp-content\/uploads\/2017\/12\/zen-2-254x300.jpg 254w, https:\/\/www.kuvailla.fi\/wp-content\/uploads\/2017\/12\/zen-2-768x908.jpg 768w\" sizes=\"auto, (max-width: 866px) 100vw, 866px\" \/><\/a><figcaption>Buddha\u1e43 sarana\u1e43 gacch\u0101mi<\/figcaption><\/figure>\n\n\n\n<figure class=\"wp-block-image size-large\"><a href=\"https:\/\/www.kuvailla.fi\/wp-content\/uploads\/2017\/12\/zen-3.jpg\"><img loading=\"lazy\" decoding=\"async\" width=\"1024\" height=\"748\" data-id=\"158\" src=\"https:\/\/www.kuvailla.fi\/wp-content\/uploads\/2017\/12\/zen-3-1024x748.jpg\" alt=\"\" class=\"wp-image-158\" srcset=\"https:\/\/www.kuvailla.fi\/wp-content\/uploads\/2017\/12\/zen-3-1024x748.jpg 1024w, https:\/\/www.kuvailla.fi\/wp-content\/uploads\/2017\/12\/zen-3-300x219.jpg 300w, https:\/\/www.kuvailla.fi\/wp-content\/uploads\/2017\/12\/zen-3-768x561.jpg 768w\" sizes=\"auto, (max-width: 1024px) 100vw, 1024px\" \/><\/a><figcaption>Buddha\u1e43 sarana\u1e43 gacch\u0101mi<\/figcaption><\/figure>\n\n\n\n<figure class=\"wp-block-image size-large\"><a href=\"https:\/\/www.kuvailla.fi\/wp-content\/uploads\/2017\/12\/BUBLES.jpg\"><img loading=\"lazy\" decoding=\"async\" width=\"1024\" height=\"576\" data-id=\"159\" src=\"https:\/\/www.kuvailla.fi\/wp-content\/uploads\/2017\/12\/BUBLES-1024x576.jpg\" alt=\"\" class=\"wp-image-159\" srcset=\"https:\/\/www.kuvailla.fi\/wp-content\/uploads\/2017\/12\/BUBLES-1024x576.jpg 1024w, https:\/\/www.kuvailla.fi\/wp-content\/uploads\/2017\/12\/BUBLES-300x169.jpg 300w, https:\/\/www.kuvailla.fi\/wp-content\/uploads\/2017\/12\/BUBLES-768x432.jpg 768w, https:\/\/www.kuvailla.fi\/wp-content\/uploads\/2017\/12\/BUBLES-350x197.jpg 350w, https:\/\/www.kuvailla.fi\/wp-content\/uploads\/2017\/12\/BUBLES-860x484.jpg 860w\" sizes=\"auto, (max-width: 1024px) 100vw, 1024px\" \/><\/a><figcaption>J.P Morgan, Bubbles<\/figcaption><\/figure>\n\n\n\n<figure class=\"wp-block-image size-large\"><a href=\"https:\/\/www.kuvailla.fi\/wp-content\/uploads\/2017\/12\/LIFE-IS-WINNER.jpg\"><img loading=\"lazy\" decoding=\"async\" width=\"1024\" height=\"576\" data-id=\"160\" src=\"https:\/\/www.kuvailla.fi\/wp-content\/uploads\/2017\/12\/LIFE-IS-WINNER-1024x576.jpg\" alt=\"\" class=\"wp-image-160\" srcset=\"https:\/\/www.kuvailla.fi\/wp-content\/uploads\/2017\/12\/LIFE-IS-WINNER-1024x576.jpg 1024w, https:\/\/www.kuvailla.fi\/wp-content\/uploads\/2017\/12\/LIFE-IS-WINNER-300x169.jpg 300w, https:\/\/www.kuvailla.fi\/wp-content\/uploads\/2017\/12\/LIFE-IS-WINNER-768x432.jpg 768w, https:\/\/www.kuvailla.fi\/wp-content\/uploads\/2017\/12\/LIFE-IS-WINNER-350x197.jpg 350w, https:\/\/www.kuvailla.fi\/wp-content\/uploads\/2017\/12\/LIFE-IS-WINNER-860x484.jpg 860w\" sizes=\"auto, (max-width: 1024px) 100vw, 1024px\" \/><\/a><figcaption>J.P Morgan, Life is Winner<\/figcaption><\/figure>\n\n\n\n<figure class=\"wp-block-image size-large\"><a href=\"https:\/\/www.kuvailla.fi\/wp-content\/uploads\/2017\/12\/VIBRATIONS.jpg\"><img loading=\"lazy\" decoding=\"async\" width=\"1024\" height=\"576\" data-id=\"161\" src=\"https:\/\/www.kuvailla.fi\/wp-content\/uploads\/2017\/12\/VIBRATIONS-1024x576.jpg\" alt=\"\" class=\"wp-image-161\" srcset=\"https:\/\/www.kuvailla.fi\/wp-content\/uploads\/2017\/12\/VIBRATIONS-1024x576.jpg 1024w, https:\/\/www.kuvailla.fi\/wp-content\/uploads\/2017\/12\/VIBRATIONS-300x169.jpg 300w, https:\/\/www.kuvailla.fi\/wp-content\/uploads\/2017\/12\/VIBRATIONS-768x432.jpg 768w, https:\/\/www.kuvailla.fi\/wp-content\/uploads\/2017\/12\/VIBRATIONS-350x197.jpg 350w, https:\/\/www.kuvailla.fi\/wp-content\/uploads\/2017\/12\/VIBRATIONS-860x484.jpg 860w\" sizes=\"auto, (max-width: 1024px) 100vw, 1024px\" \/><\/a><figcaption>J.P Morgan, Wibrations<\/figcaption><\/figure>\n\n\n\n<figure class=\"wp-block-image size-large\"><a href=\"https:\/\/www.kuvailla.fi\/wp-content\/uploads\/2017\/12\/MG_7797.jpg\"><img loading=\"lazy\" decoding=\"async\" width=\"1024\" height=\"682\" data-id=\"162\" src=\"https:\/\/www.kuvailla.fi\/wp-content\/uploads\/2017\/12\/MG_7797-1024x682.jpg\" alt=\"\" class=\"wp-image-162\" srcset=\"https:\/\/www.kuvailla.fi\/wp-content\/uploads\/2017\/12\/MG_7797-1024x682.jpg 1024w, https:\/\/www.kuvailla.fi\/wp-content\/uploads\/2017\/12\/MG_7797-300x200.jpg 300w, https:\/\/www.kuvailla.fi\/wp-content\/uploads\/2017\/12\/MG_7797-768x512.jpg 768w, https:\/\/www.kuvailla.fi\/wp-content\/uploads\/2017\/12\/MG_7797.jpg 2000w\" sizes=\"auto, (max-width: 1024px) 100vw, 1024px\" \/><\/a><figcaption>MVm<\/figcaption><\/figure>\n\n\n\n<figure class=\"wp-block-image size-large\"><a href=\"https:\/\/www.kuvailla.fi\/wp-content\/uploads\/2017\/12\/MG_7814.jpg\"><img loading=\"lazy\" decoding=\"async\" width=\"1024\" height=\"576\" data-id=\"163\" src=\"https:\/\/www.kuvailla.fi\/wp-content\/uploads\/2017\/12\/MG_7814-1024x576.jpg\" alt=\"\" class=\"wp-image-163\" srcset=\"https:\/\/www.kuvailla.fi\/wp-content\/uploads\/2017\/12\/MG_7814-1024x576.jpg 1024w, https:\/\/www.kuvailla.fi\/wp-content\/uploads\/2017\/12\/MG_7814-300x169.jpg 300w, https:\/\/www.kuvailla.fi\/wp-content\/uploads\/2017\/12\/MG_7814-768x432.jpg 768w, https:\/\/www.kuvailla.fi\/wp-content\/uploads\/2017\/12\/MG_7814-350x197.jpg 350w, https:\/\/www.kuvailla.fi\/wp-content\/uploads\/2017\/12\/MG_7814-860x484.jpg 860w, https:\/\/www.kuvailla.fi\/wp-content\/uploads\/2017\/12\/MG_7814.jpg 2000w\" sizes=\"auto, (max-width: 1024px) 100vw, 1024px\" \/><\/a><figcaption>MVm<\/figcaption><\/figure>\n\n\n\n<figure class=\"wp-block-image size-large\"><a href=\"https:\/\/www.kuvailla.fi\/wp-content\/uploads\/2017\/12\/IMG_7843.jpg\"><img loading=\"lazy\" decoding=\"async\" width=\"1024\" height=\"1024\" data-id=\"164\" src=\"https:\/\/www.kuvailla.fi\/wp-content\/uploads\/2017\/12\/IMG_7843-1024x1024.jpg\" alt=\"\" class=\"wp-image-164\" srcset=\"https:\/\/www.kuvailla.fi\/wp-content\/uploads\/2017\/12\/IMG_7843-1024x1024.jpg 1024w, https:\/\/www.kuvailla.fi\/wp-content\/uploads\/2017\/12\/IMG_7843-150x150.jpg 150w, https:\/\/www.kuvailla.fi\/wp-content\/uploads\/2017\/12\/IMG_7843-300x300.jpg 300w, https:\/\/www.kuvailla.fi\/wp-content\/uploads\/2017\/12\/IMG_7843-768x768.jpg 768w, https:\/\/www.kuvailla.fi\/wp-content\/uploads\/2017\/12\/IMG_7843-500x500.jpg 500w, https:\/\/www.kuvailla.fi\/wp-content\/uploads\/2017\/12\/IMG_7843-400x400.jpg 400w, https:\/\/www.kuvailla.fi\/wp-content\/uploads\/2017\/12\/IMG_7843-200x200.jpg 200w, https:\/\/www.kuvailla.fi\/wp-content\/uploads\/2017\/12\/IMG_7843.jpg 2000w\" sizes=\"auto, (max-width: 1024px) 100vw, 1024px\" \/><\/a><figcaption>MVm<\/figcaption><\/figure>\n\n\n\n<figure class=\"wp-block-image size-large\"><a href=\"https:\/\/www.kuvailla.fi\/wp-content\/uploads\/2017\/12\/IMG_20171202_114428.jpg\"><img loading=\"lazy\" decoding=\"async\" width=\"768\" height=\"1024\" data-id=\"169\" src=\"https:\/\/www.kuvailla.fi\/wp-content\/uploads\/2017\/12\/IMG_20171202_114428-768x1024.jpg\" alt=\"\" class=\"wp-image-169\" srcset=\"https:\/\/www.kuvailla.fi\/wp-content\/uploads\/2017\/12\/IMG_20171202_114428-768x1024.jpg 768w, https:\/\/www.kuvailla.fi\/wp-content\/uploads\/2017\/12\/IMG_20171202_114428-225x300.jpg 225w\" sizes=\"auto, (max-width: 768px) 100vw, 768px\" \/><\/a><figcaption>Ulla Skogster, Kivet<\/figcaption><\/figure>\n\n\n\n<figure class=\"wp-block-image size-large\"><a href=\"https:\/\/www.kuvailla.fi\/wp-content\/uploads\/2017\/12\/IMG_20171202_114015_BURST001_COVER.jpg\"><img loading=\"lazy\" decoding=\"async\" width=\"768\" height=\"1024\" data-id=\"168\" src=\"https:\/\/www.kuvailla.fi\/wp-content\/uploads\/2017\/12\/IMG_20171202_114015_BURST001_COVER-768x1024.jpg\" alt=\"\" class=\"wp-image-168\" srcset=\"https:\/\/www.kuvailla.fi\/wp-content\/uploads\/2017\/12\/IMG_20171202_114015_BURST001_COVER-768x1024.jpg 768w, https:\/\/www.kuvailla.fi\/wp-content\/uploads\/2017\/12\/IMG_20171202_114015_BURST001_COVER-225x300.jpg 225w\" sizes=\"auto, (max-width: 768px) 100vw, 768px\" \/><\/a><figcaption>Ulla Skogster, Kivi ja kallio<\/figcaption><\/figure>\n\n\n\n<figure class=\"wp-block-image size-large\"><a href=\"https:\/\/www.kuvailla.fi\/wp-content\/uploads\/2017\/12\/IMG_20171202_123900-2.jpg\"><img loading=\"lazy\" decoding=\"async\" width=\"768\" height=\"1024\" data-id=\"174\" src=\"https:\/\/www.kuvailla.fi\/wp-content\/uploads\/2017\/12\/IMG_20171202_123900-2-768x1024.jpg\" alt=\"\" class=\"wp-image-174\" srcset=\"https:\/\/www.kuvailla.fi\/wp-content\/uploads\/2017\/12\/IMG_20171202_123900-2-768x1024.jpg 768w, https:\/\/www.kuvailla.fi\/wp-content\/uploads\/2017\/12\/IMG_20171202_123900-2-225x300.jpg 225w, https:\/\/www.kuvailla.fi\/wp-content\/uploads\/2017\/12\/IMG_20171202_123900-2.jpg 1500w\" sizes=\"auto, (max-width: 768px) 100vw, 768px\" \/><\/a><figcaption>Ulla Skogster, Satupuu<\/figcaption><\/figure>\n<\/figure>\n","protected":false},"excerpt":{"rendered":"<p>Talven Valo, zen-valokuvausretki suuntautui vet\u00e4j\u00e4n ep\u00e4m\u00e4\u00e4r\u00e4isell\u00e4\u00a0 ilmoituksella: -menn\u00e4\u00e4n Inkooseen p\u00e4in. Noin tunnin ajomatkan j\u00e4lkeen valokuvaajat l\u00f6ysiv\u00e4t itsens\u00e4 liikkumassa varovaisesti Kopparn\u00e4sin kallioilla. Joulukuun alun valo oli varsin vaihtelevaa ja my\u00f6s kaikki <a class=\"more-link\" href=\"https:\/\/www.kuvailla.fi\/?page_id=1713\">Lue lis\u00e4\u00e4 &#8230;<\/a><\/p>\n","protected":false},"author":1,"featured_media":0,"parent":0,"menu_order":0,"comment_status":"closed","ping_status":"closed","template":"","meta":{"footnotes":""},"class_list":["post-1713","page","type-page","status-publish","hentry"],"_links":{"self":[{"href":"https:\/\/www.kuvailla.fi\/index.php?rest_route=\/wp\/v2\/pages\/1713","targetHints":{"allow":["GET"]}}],"collection":[{"href":"https:\/\/www.kuvailla.fi\/index.php?rest_route=\/wp\/v2\/pages"}],"about":[{"href":"https:\/\/www.kuvailla.fi\/index.php?rest_route=\/wp\/v2\/types\/page"}],"author":[{"embeddable":true,"href":"https:\/\/www.kuvailla.fi\/index.php?rest_route=\/wp\/v2\/users\/1"}],"replies":[{"embeddable":true,"href":"https:\/\/www.kuvailla.fi\/index.php?rest_route=%2Fwp%2Fv2%2Fcomments&post=1713"}],"version-history":[{"count":6,"href":"https:\/\/www.kuvailla.fi\/index.php?rest_route=\/wp\/v2\/pages\/1713\/revisions"}],"predecessor-version":[{"id":2590,"href":"https:\/\/www.kuvailla.fi\/index.php?rest_route=\/wp\/v2\/pages\/1713\/revisions\/2590"}],"wp:attachment":[{"href":"https:\/\/www.kuvailla.fi\/index.php?rest_route=%2Fwp%2Fv2%2Fmedia&parent=1713"}],"curies":[{"name":"wp","href":"https:\/\/api.w.org\/{rel}","templated":true}]}}