{"id":1771,"date":"2021-01-11T07:49:42","date_gmt":"2021-01-11T07:49:42","guid":{"rendered":"http:\/\/www.kuvailla.fi\/?page_id=1771"},"modified":"2024-11-01T12:30:50","modified_gmt":"2024-11-01T12:30:50","slug":"vetaja","status":"publish","type":"page","link":"https:\/\/www.kuvailla.fi\/?page_id=1771","title":{"rendered":"Vet\u00e4j\u00e4"},"content":{"rendered":"<p style=\"text-align: justify;\"><span style=\"font-weight: 400;\"><i><\/i><span style=\"font-size: 20px; font-family: tahoma, arial, helvetica, sans-serif;\">Olen Mikko Vimalamitra Koponen. Yrit\u00e4n kuvailla maailmaa <\/span><\/span><span style=\"font-size: 20px; font-family: tahoma, arial, helvetica, sans-serif;\">valokuvan ja videon keinoin. Toimin Kuvailla.fi-hankkeen kouluttajana ja zen-valokuvausretkien vet\u00e4j\u00e4n\u00e4.<\/span><\/p>\n<p style=\"text-align: justify;\"><span style=\"font-weight: 400; font-size: 20px; font-family: tahoma, arial, helvetica, sans-serif;\">Olen toiminut l\u00e4hes 30 vuoden ajan itsen\u00e4isen\u00e4 yritt\u00e4j\u00e4n\u00e4 monissa\u00a0 kuvallisen viestinn\u00e4n teht\u00e4viss\u00e4:\u00a0 videotuottajana, kuvaajana, editoijana ja alan kouluttajana. Valokuvaus ja kiinnostus taiteisiin ovat olleet suuria\u00a0 ilonaiheita el\u00e4m\u00e4ss\u00e4ni.<\/span><\/p>\n<h3><b>Opettajalla on opettaja<\/b><\/h3>\n<h3 style=\"text-align: justify;\"><span style=\"font-size: 20px;\"><span style=\"font-weight: 400;\"><img loading=\"lazy\" decoding=\"async\" class=\"alignleft\" src=\"https:\/\/www.kuvailla.fi\/wp-content\/uploads\/2022\/09\/20220803_150824-edited-scaled.jpg\" alt=\"\" width=\"513\" height=\"385\" \/><\/span><\/span><span style=\"font-family: tahoma, arial, helvetica, sans-serif; font-size: 20px;\"><span style=\"font-weight: 400;\">Opettajana olen ollut kiitollinen, ett\u00e4 minulla on opettajana\u00a0 suomalainen buddhalainen zen-munkki Taehye sunim. (H\u00e4net tunnetaan my\u00f6s nimell\u00e4 kunnianarvoisa Ashin Mah\u0101pa\u00f1\u00f1a). <\/span><span style=\"font-weight: 400;\">H\u00e4n on toiminut opettajanani vuodesta 2000 asti. H\u00e4n on yksi harvoista suomeksi Buddhan Dharmaa opettavista munkeista. <\/span><span style=\"font-weight: 400;\">H\u00e4nen ohjauksessaan aloitin meditaatio-ohjaajana vuosia sitten ja vuodesta 2014 olen \u00a0toiminut h\u00e4nen vihkim\u00e4n\u00e4 Dharma-opettajana\u00a0<\/span><a href=\"https:\/\/www.bodhidharma.fi\/?p=66\"><b>Bodhidharma yhdistyksess\u00e4<\/b><\/a><\/span><\/h3>\n<h3><a href=\"https:\/\/www.kuvailla.fi\/?page_id=2002\" target=\"_blank\" rel=\"noopener\"><b style=\"color: revert; font-family: 'Droid Sans', sans-serif; font-size: 24px;\">Kurssit ja retket<\/b><\/a><\/h3>\n<p style=\"text-align: justify;\"><span style=\"font-weight: 400; font-family: tahoma, arial, helvetica, sans-serif; font-size: 20px;\">Olen ohjannut vuosien mittaan Zen-valokuvauksen kursseja ja retki\u00e4. Palaute kursseista on ollut innostunutta ja rohkaissut minua laajentamaan kurssitarjontaa my\u00f6s muille luovasta valokuvauksesta kiinnostuneille yhteis\u00f6ille ja yksityisille. Vaikka zen-sanana miellet\u00e4\u00e4n kuuluvan vahvasti buddhalaisuuteen, koulutuksessa opetan vapaata, luovaa ilmaisua ja kunnioittavaa suhdetta luontoon sek\u00e4 kaiken ilmenev\u00e4n hahmottamiseen. Ohjaan kohti \u201dzen-asennetta\u201d harjoituksissa.<\/span><\/p>\n<p><span style=\"font-size: 20px;\"><b>Pidet\u00e4\u00e4n yhteytt\u00e4\u00a0 \u00a0 \u00a0 \u00a0 \u00a0 \u00a0 \u00a0 \u00a0 \u00a0 \u00a0 <img loading=\"lazy\" decoding=\"async\" class=\"alignright\" src=\"https:\/\/www.kuvailla.fi\/wp-content\/uploads\/2024\/11\/Mikko-Vimalamitra-1.jpg\" alt=\"\" width=\"336\" height=\"336\" \/><br \/><\/b><\/span><span style=\"font-family: tahoma, arial, helvetica, sans-serif; font-size: 20px;\"><span style=\"font-weight: 400;\">Mikko Vimalamitra Koponen\u00a0<br \/><\/span><span style=\"font-weight: 400;\">Dharmaopettaja ja meditaatio-ohjaaja\u00a0 \u00a0\u00a0<br \/><\/span><span style=\"font-weight: 400;\">www.bodhidharma.fi<br \/><\/span><span style=\"font-weight: 400;\">Ilmoittautuminen seuraavalle kursille tai retkelle,\u00a0 jos sinulla on kysytt\u00e4v\u00e4\u00e4 ota yhteytt\u00e4: <br \/><strong>vimalamitra(at)gmail.com<\/strong> <br \/><\/span><span style=\"font-weight: 400;\"><br \/>Kaikki sivuston valokuvat ovat \u00a9 kopiosuojattuja! <\/span><span style=\"font-weight: 400;\">Ilman Mikko Koposen lupaa kuvilla ei ole julkaisuoikeutta.<\/span><\/span><\/p>\n\n\n<div class=\"wp-block-columns is-layout-flex wp-container-core-columns-is-layout-9d6595d7 wp-block-columns-is-layout-flex\">\n<div class=\"wp-block-column is-layout-flow wp-block-column-is-layout-flow\"><\/div>\n<\/div>\n","protected":false},"excerpt":{"rendered":"<p>Olen Mikko Vimalamitra Koponen. Yrit\u00e4n kuvailla maailmaa valokuvan ja videon keinoin. Toimin Kuvailla.fi-hankkeen kouluttajana ja zen-valokuvausretkien vet\u00e4j\u00e4n\u00e4. Olen toiminut l\u00e4hes 30 vuoden ajan itsen\u00e4isen\u00e4 yritt\u00e4j\u00e4n\u00e4 monissa\u00a0 kuvallisen viestinn\u00e4n teht\u00e4viss\u00e4:\u00a0 videotuottajana, <a class=\"more-link\" href=\"https:\/\/www.kuvailla.fi\/?page_id=1771\">Lue lis\u00e4\u00e4 &#8230;<\/a><\/p>\n","protected":false},"author":1,"featured_media":0,"parent":0,"menu_order":0,"comment_status":"closed","ping_status":"closed","template":"","meta":{"footnotes":""},"class_list":["post-1771","page","type-page","status-publish","hentry"],"_links":{"self":[{"href":"https:\/\/www.kuvailla.fi\/index.php?rest_route=\/wp\/v2\/pages\/1771","targetHints":{"allow":["GET"]}}],"collection":[{"href":"https:\/\/www.kuvailla.fi\/index.php?rest_route=\/wp\/v2\/pages"}],"about":[{"href":"https:\/\/www.kuvailla.fi\/index.php?rest_route=\/wp\/v2\/types\/page"}],"author":[{"embeddable":true,"href":"https:\/\/www.kuvailla.fi\/index.php?rest_route=\/wp\/v2\/users\/1"}],"replies":[{"embeddable":true,"href":"https:\/\/www.kuvailla.fi\/index.php?rest_route=%2Fwp%2Fv2%2Fcomments&post=1771"}],"version-history":[{"count":87,"href":"https:\/\/www.kuvailla.fi\/index.php?rest_route=\/wp\/v2\/pages\/1771\/revisions"}],"predecessor-version":[{"id":3835,"href":"https:\/\/www.kuvailla.fi\/index.php?rest_route=\/wp\/v2\/pages\/1771\/revisions\/3835"}],"wp:attachment":[{"href":"https:\/\/www.kuvailla.fi\/index.php?rest_route=%2Fwp%2Fv2%2Fmedia&parent=1771"}],"curies":[{"name":"wp","href":"https:\/\/api.w.org\/{rel}","templated":true}]}}