{"id":2002,"date":"2021-03-31T16:03:27","date_gmt":"2021-03-31T16:03:27","guid":{"rendered":"http:\/\/www.kuvailla.fi\/?page_id=2002"},"modified":"2026-05-06T15:54:36","modified_gmt":"2026-05-06T15:54:36","slug":"maaliskuu-2021","status":"publish","type":"page","link":"https:\/\/www.kuvailla.fi\/?page_id=2002","title":{"rendered":"Kurssit ja retket"},"content":{"rendered":"\n<h4 style=\"text-align: center;\">KEV\u00c4\u00c4N 2026 ZEN-VALOKUVAUSTAPAAMINEN<\/h4>\n\n\n<p style=\"text-align: left;\"><img decoding=\"async\" src=\"https:\/\/www.kuvailla.fi\/wp-content\/uploads\/2026\/05\/Zen-valokuvaus-17-5-26.jpg\" alt=\"\" \/><\/p>\n\n\n<p style=\"text-align: center;\"><span style=\"font-size: 24px;\"><b>Seuraavat zen-valokuvauksen tapahtumat<\/b><\/span><\/p>\n<p style=\"text-align: center;\"><span style=\"font-size: 24px;\"><b><br \/><\/b><\/span><span style=\"font-size: 20px;\"><strong>17.5 klo 15 \u2013 16:45 | Johdanto Zen valokuvaamiseen.<\/strong><\/span><\/p>\n<p style=\"text-align: center;\"><span style=\"font-size: 20px;\"><strong>9.6. klo 17:30 \u2013 20:30 | Valokuvausretki Tullisaaren puistoon.<\/strong><\/span><\/p>\n<p style=\"text-align: center;\"><span style=\"font-size: 20px;\"><strong>16.6. klo 18 alkaen | Valokuvan\u00e4yttelyn avajaiset ja palautekeskustelu zoomissa.<\/strong><\/span><\/p>\n<p style=\"text-align: center;\"><span style=\"font-size: 20px;\"><strong><br \/><\/strong><\/span>ILMOITTAUTUMINEN TAPAHTUMIIN BORHIDHARMA RY<strong> <a href=\"https:\/\/www.bodhidharma.fi\/event\/johdanto-zen-valokuvaukseen-2026\/\" target=\"_blank\" rel=\"noopener\">SIVUN KAUTTA<\/a>:<\/strong><\/p>\n<p style=\"text-align: center;\"><br \/><span style=\"font-size: 24px;\"><strong style=\"color: revert; font-family: 'Droid Sans', sans-serif;\">Jos haluat tutustua muutamiin aikaisempien<br \/>kurssien ja <\/strong><strong style=\"color: revert; font-family: 'Droid Sans', sans-serif;\">retkien kuviin, katso linkeist\u00e4.<\/strong><\/span><\/p>\n<p style=\"text-align: left;\"><br \/><strong>Viime kes\u00e4n 2025 Suomenlinnan zen-maisemavalokuvausretken<\/strong> n\u00e4yttelyn kuvat\u00a0 ovat nettialbumissa, joka on katsottavissa t\u00e4st\u00e4 linkist\u00e4<span style=\"color: #00ccff;\"> <a style=\"color: #00ccff;\" href=\"https:\/\/heyzine.com\/flip-book\/99a23f0af6.html\" target=\"_blank\" rel=\"noopener\"><strong>nettialbumiin<\/strong>.<\/a><\/span><br \/><br \/><strong>Nettin\u00e4yttely oli osa YK:n \u201dUskontojen ja katsomusten yhteisymm\u00e4rrysviikon<\/strong>\u201d 1.2.-7.2.2024 tapahtumaa. <a href=\"http:\/\/www.sbu.fi\/\" target=\"_blank\" rel=\"noopener\">Suomen Buddhalainen Unioni<\/a>\u00a0ja\u00a0<a href=\"https:\/\/dialogikasvatus.fi\/fokus-ry\/etusivu\/\" target=\"_blank\" rel=\"noopener\">Kulttuuri- ja uskontofoorumi FOKUS ry<\/a>\u00a0\u00a0sek\u00e4\u00a0<span style=\"color: #00ccff;\"><a style=\"color: #00ccff;\" href=\"https:\/\/www.bodhidharma.fi\/\" target=\"_blank\" rel=\"noopener\">Bodhidharma ry<\/a>\u00a0<\/span> j\u00e4rjestiv\u00e4t yhdess\u00e4 kaikille avoimen zen-valokuvauksen kurssin Zoom-tapahtumana.<br \/><strong>Katso zen-valokuvauskurssin osallistujien <a href=\"https:\/\/www.kuvailla.fi\/?page_id=3490\" target=\"_blank\" rel=\"noopener\">n\u00e4yttely.<\/a><\/strong><br \/><br \/><strong>Zen-valokuvauksen kurssi 2023: tietoa avautuvassa <a href=\"https:\/\/www.kuvailla.fi\/?page_id=2928\" target=\"_blank\" rel=\"noopener\">linkiss\u00e4.<\/a><\/strong><br \/><br \/><\/p>\n\n\n\n<p style=\"text-align: center;\"><span style=\"font-size: 20px;\">Tapahtumat j\u00e4rjest\u00e4\u00e4 Bodhidharma ry. ry.bodhidharma@gmail.com, www.bodhidharma.fi<\/span><br><span style=\"font-size: 20px;\">Zen-valokuvaus- ja Dharmaopettaja Mikko Vimalamitra. www.kuvailla.fi<\/span><\/p>\n\n\n","protected":false},"excerpt":{"rendered":"<p>KEV\u00c4\u00c4N 2026 ZEN-VALOKUVAUSTAPAAMINEN Seuraavat zen-valokuvauksen tapahtumat 17.5 klo 15 \u2013 16:45 | Johdanto Zen valokuvaamiseen. 9.6. klo 17:30 \u2013 20:30 | Valokuvausretki Tullisaaren puistoon. 16.6. klo 18 alkaen | Valokuvan\u00e4yttelyn <a class=\"more-link\" href=\"https:\/\/www.kuvailla.fi\/?page_id=2002\">Lue lis\u00e4\u00e4 &#8230;<\/a><\/p>\n","protected":false},"author":1,"featured_media":0,"parent":0,"menu_order":0,"comment_status":"closed","ping_status":"closed","template":"","meta":{"footnotes":""},"class_list":["post-2002","page","type-page","status-publish","hentry"],"_links":{"self":[{"href":"https:\/\/www.kuvailla.fi\/index.php?rest_route=\/wp\/v2\/pages\/2002","targetHints":{"allow":["GET"]}}],"collection":[{"href":"https:\/\/www.kuvailla.fi\/index.php?rest_route=\/wp\/v2\/pages"}],"about":[{"href":"https:\/\/www.kuvailla.fi\/index.php?rest_route=\/wp\/v2\/types\/page"}],"author":[{"embeddable":true,"href":"https:\/\/www.kuvailla.fi\/index.php?rest_route=\/wp\/v2\/users\/1"}],"replies":[{"embeddable":true,"href":"https:\/\/www.kuvailla.fi\/index.php?rest_route=%2Fwp%2Fv2%2Fcomments&post=2002"}],"version-history":[{"count":123,"href":"https:\/\/www.kuvailla.fi\/index.php?rest_route=\/wp\/v2\/pages\/2002\/revisions"}],"predecessor-version":[{"id":4183,"href":"https:\/\/www.kuvailla.fi\/index.php?rest_route=\/wp\/v2\/pages\/2002\/revisions\/4183"}],"wp:attachment":[{"href":"https:\/\/www.kuvailla.fi\/index.php?rest_route=%2Fwp%2Fv2%2Fmedia&parent=2002"}],"curies":[{"name":"wp","href":"https:\/\/api.w.org\/{rel}","templated":true}]}}