{"id":2893,"date":"2022-12-18T09:46:15","date_gmt":"2022-12-18T09:46:15","guid":{"rendered":"https:\/\/www.kuvailla.fi\/?page_id=2893"},"modified":"2023-02-11T16:05:56","modified_gmt":"2023-02-11T16:05:56","slug":"maaliskuun-kuvat-2021","status":"publish","type":"page","link":"https:\/\/www.kuvailla.fi\/?page_id=2893","title":{"rendered":"Maaliskuun kuvat 2021"},"content":{"rendered":"<div class=\"wp-block-image is-style-default\">\n<figure class=\"aligncenter size-large\"><a href=\"https:\/\/www.kuvailla.fi\/wp-content\/uploads\/2021\/03\/Maaliskuu-5-1-scaled.jpg\"><img loading=\"lazy\" decoding=\"async\" width=\"1024\" height=\"683\" src=\"https:\/\/www.kuvailla.fi\/wp-content\/uploads\/2021\/03\/Maaliskuu-5-1-1024x683.jpg\" alt=\"\" class=\"wp-image-2005\" srcset=\"https:\/\/www.kuvailla.fi\/wp-content\/uploads\/2021\/03\/Maaliskuu-5-1-1024x683.jpg 1024w, https:\/\/www.kuvailla.fi\/wp-content\/uploads\/2021\/03\/Maaliskuu-5-1-300x200.jpg 300w, https:\/\/www.kuvailla.fi\/wp-content\/uploads\/2021\/03\/Maaliskuu-5-1-768x512.jpg 768w, https:\/\/www.kuvailla.fi\/wp-content\/uploads\/2021\/03\/Maaliskuu-5-1-1536x1024.jpg 1536w, https:\/\/www.kuvailla.fi\/wp-content\/uploads\/2021\/03\/Maaliskuu-5-1-2048x1365.jpg 2048w\" sizes=\"auto, (max-width: 1024px) 100vw, 1024px\" \/><\/a><figcaption class=\"wp-element-caption\">Kallahden niemenk\u00e4rki 7.3.201<\/figcaption><\/figure>\n<\/div>\n\n\n<p style=\"text-align: justify;\">Maaliskuu on kuukausista vaikein. Kummallinen levottomuus iskee selk\u00e4rankaan. Ei ole kev\u00e4t mutta ei talvikaan. Kulkukissat mouruavat Kallion suljetuilla sih\u00e4pihoilla. Talveen ollaan kyll\u00e4stytty, onneksi kev\u00e4t n\u00e4ytt\u00e4\u00e4 pieni\u00e4 merkkej\u00e4. Miten sit\u00e4 kaipaakaan aurinkoa. Kalliosta parvekkeelta ei n\u00e4y T\u00f6\u00f6l\u00f6\u00f6seen paksun sumun l\u00e4pi. T\u00e4h\u00e4n tautiin ei auttanut muu parannuskeino, kuin kamerareppu selk\u00e4\u00e4n ja rannoille joutenkulkemaan. T\u00e4ss\u00e4 ovat muutamat t\u00e4m\u00e4n maaliskuun kuvat. Kuvat toimivat parhaiten isolta n\u00e4yt\u00f6lt\u00e4.<\/p>\n\n\n\n<figure class=\"wp-block-gallery has-nested-images columns-4 is-cropped aligncenter wp-block-gallery-1 is-layout-flex wp-block-gallery-is-layout-flex\">\n<figure class=\"wp-block-image size-large\"><a href=\"https:\/\/www.kuvailla.fi\/wp-content\/uploads\/2021\/03\/Maaliskuu-1-scaled.jpg\"><img loading=\"lazy\" decoding=\"async\" width=\"1024\" height=\"576\" data-id=\"2010\" src=\"https:\/\/www.kuvailla.fi\/wp-content\/uploads\/2021\/03\/Maaliskuu-1-1024x576.jpg\" alt=\"\" class=\"wp-image-2010\" srcset=\"https:\/\/www.kuvailla.fi\/wp-content\/uploads\/2021\/03\/Maaliskuu-1-1024x576.jpg 1024w, https:\/\/www.kuvailla.fi\/wp-content\/uploads\/2021\/03\/Maaliskuu-1-300x169.jpg 300w, https:\/\/www.kuvailla.fi\/wp-content\/uploads\/2021\/03\/Maaliskuu-1-768x432.jpg 768w, https:\/\/www.kuvailla.fi\/wp-content\/uploads\/2021\/03\/Maaliskuu-1-1536x864.jpg 1536w, https:\/\/www.kuvailla.fi\/wp-content\/uploads\/2021\/03\/Maaliskuu-1-2048x1152.jpg 2048w, https:\/\/www.kuvailla.fi\/wp-content\/uploads\/2021\/03\/Maaliskuu-1-350x197.jpg 350w, https:\/\/www.kuvailla.fi\/wp-content\/uploads\/2021\/03\/Maaliskuu-1-860x484.jpg 860w\" sizes=\"auto, (max-width: 1024px) 100vw, 1024px\" \/><\/a><\/figure>\n\n\n\n<figure class=\"wp-block-image size-large\"><a href=\"https:\/\/www.kuvailla.fi\/wp-content\/uploads\/2021\/03\/Maaliskuu-1-2-scaled.jpg\"><img loading=\"lazy\" decoding=\"async\" width=\"1024\" height=\"1024\" data-id=\"2011\" src=\"https:\/\/www.kuvailla.fi\/wp-content\/uploads\/2021\/03\/Maaliskuu-1-2-1024x1024.jpg\" alt=\"\" class=\"wp-image-2011\" srcset=\"https:\/\/www.kuvailla.fi\/wp-content\/uploads\/2021\/03\/Maaliskuu-1-2-1024x1024.jpg 1024w, https:\/\/www.kuvailla.fi\/wp-content\/uploads\/2021\/03\/Maaliskuu-1-2-300x300.jpg 300w, https:\/\/www.kuvailla.fi\/wp-content\/uploads\/2021\/03\/Maaliskuu-1-2-150x150.jpg 150w, https:\/\/www.kuvailla.fi\/wp-content\/uploads\/2021\/03\/Maaliskuu-1-2-768x768.jpg 768w, https:\/\/www.kuvailla.fi\/wp-content\/uploads\/2021\/03\/Maaliskuu-1-2-1536x1536.jpg 1536w, https:\/\/www.kuvailla.fi\/wp-content\/uploads\/2021\/03\/Maaliskuu-1-2-2048x2048.jpg 2048w, https:\/\/www.kuvailla.fi\/wp-content\/uploads\/2021\/03\/Maaliskuu-1-2-200x200.jpg 200w\" sizes=\"auto, (max-width: 1024px) 100vw, 1024px\" \/><\/a><\/figure>\n\n\n\n<figure class=\"wp-block-image size-large\"><a href=\"https:\/\/www.kuvailla.fi\/wp-content\/uploads\/2021\/03\/Maaliskuu-3-1-scaled.jpg\"><img loading=\"lazy\" decoding=\"async\" width=\"1024\" height=\"683\" data-id=\"2012\" src=\"https:\/\/www.kuvailla.fi\/wp-content\/uploads\/2021\/03\/Maaliskuu-3-1-1024x683.jpg\" alt=\"\" class=\"wp-image-2012\" srcset=\"https:\/\/www.kuvailla.fi\/wp-content\/uploads\/2021\/03\/Maaliskuu-3-1-1024x683.jpg 1024w, https:\/\/www.kuvailla.fi\/wp-content\/uploads\/2021\/03\/Maaliskuu-3-1-300x200.jpg 300w, https:\/\/www.kuvailla.fi\/wp-content\/uploads\/2021\/03\/Maaliskuu-3-1-768x512.jpg 768w, https:\/\/www.kuvailla.fi\/wp-content\/uploads\/2021\/03\/Maaliskuu-3-1-1536x1024.jpg 1536w, https:\/\/www.kuvailla.fi\/wp-content\/uploads\/2021\/03\/Maaliskuu-3-1-2048x1365.jpg 2048w\" sizes=\"auto, (max-width: 1024px) 100vw, 1024px\" \/><\/a><\/figure>\n\n\n\n<figure class=\"wp-block-image size-large\"><a href=\"https:\/\/www.kuvailla.fi\/wp-content\/uploads\/2021\/03\/Maaliskuu-4-1-scaled.jpg\"><img loading=\"lazy\" decoding=\"async\" width=\"1024\" height=\"683\" data-id=\"2013\" src=\"https:\/\/www.kuvailla.fi\/wp-content\/uploads\/2021\/03\/Maaliskuu-4-1-1024x683.jpg\" alt=\"\" class=\"wp-image-2013\" srcset=\"https:\/\/www.kuvailla.fi\/wp-content\/uploads\/2021\/03\/Maaliskuu-4-1-1024x683.jpg 1024w, https:\/\/www.kuvailla.fi\/wp-content\/uploads\/2021\/03\/Maaliskuu-4-1-300x200.jpg 300w, https:\/\/www.kuvailla.fi\/wp-content\/uploads\/2021\/03\/Maaliskuu-4-1-768x512.jpg 768w, https:\/\/www.kuvailla.fi\/wp-content\/uploads\/2021\/03\/Maaliskuu-4-1-1536x1024.jpg 1536w, https:\/\/www.kuvailla.fi\/wp-content\/uploads\/2021\/03\/Maaliskuu-4-1-2048x1365.jpg 2048w\" sizes=\"auto, (max-width: 1024px) 100vw, 1024px\" \/><\/a><\/figure>\n\n\n\n<figure class=\"wp-block-image size-large\"><a href=\"https:\/\/www.kuvailla.fi\/wp-content\/uploads\/2021\/03\/Maaliskuu-6-1-scaled.jpg\"><img loading=\"lazy\" decoding=\"async\" width=\"1024\" height=\"683\" data-id=\"2015\" src=\"https:\/\/www.kuvailla.fi\/wp-content\/uploads\/2021\/03\/Maaliskuu-6-1-1024x683.jpg\" alt=\"\" class=\"wp-image-2015\" srcset=\"https:\/\/www.kuvailla.fi\/wp-content\/uploads\/2021\/03\/Maaliskuu-6-1-1024x683.jpg 1024w, https:\/\/www.kuvailla.fi\/wp-content\/uploads\/2021\/03\/Maaliskuu-6-1-300x200.jpg 300w, https:\/\/www.kuvailla.fi\/wp-content\/uploads\/2021\/03\/Maaliskuu-6-1-768x512.jpg 768w, https:\/\/www.kuvailla.fi\/wp-content\/uploads\/2021\/03\/Maaliskuu-6-1-1536x1024.jpg 1536w, https:\/\/www.kuvailla.fi\/wp-content\/uploads\/2021\/03\/Maaliskuu-6-1-2048x1365.jpg 2048w\" sizes=\"auto, (max-width: 1024px) 100vw, 1024px\" \/><\/a><\/figure>\n\n\n\n<figure class=\"wp-block-image size-large\"><a href=\"https:\/\/www.kuvailla.fi\/wp-content\/uploads\/2021\/03\/Maaliskuu-7-1-scaled.jpg\"><img loading=\"lazy\" decoding=\"async\" width=\"1024\" height=\"683\" data-id=\"2016\" src=\"https:\/\/www.kuvailla.fi\/wp-content\/uploads\/2021\/03\/Maaliskuu-7-1-1024x683.jpg\" alt=\"\" class=\"wp-image-2016\" srcset=\"https:\/\/www.kuvailla.fi\/wp-content\/uploads\/2021\/03\/Maaliskuu-7-1-1024x683.jpg 1024w, https:\/\/www.kuvailla.fi\/wp-content\/uploads\/2021\/03\/Maaliskuu-7-1-300x200.jpg 300w, https:\/\/www.kuvailla.fi\/wp-content\/uploads\/2021\/03\/Maaliskuu-7-1-768x512.jpg 768w, https:\/\/www.kuvailla.fi\/wp-content\/uploads\/2021\/03\/Maaliskuu-7-1-1536x1024.jpg 1536w, https:\/\/www.kuvailla.fi\/wp-content\/uploads\/2021\/03\/Maaliskuu-7-1-2048x1365.jpg 2048w\" sizes=\"auto, (max-width: 1024px) 100vw, 1024px\" \/><\/a><\/figure>\n\n\n\n<figure class=\"wp-block-image size-large\"><a href=\"https:\/\/www.kuvailla.fi\/wp-content\/uploads\/2021\/03\/Maaliskuu-8-1-scaled.jpg\"><img loading=\"lazy\" decoding=\"async\" width=\"1024\" height=\"683\" data-id=\"2017\" src=\"https:\/\/www.kuvailla.fi\/wp-content\/uploads\/2021\/03\/Maaliskuu-8-1-1024x683.jpg\" alt=\"\" class=\"wp-image-2017\" srcset=\"https:\/\/www.kuvailla.fi\/wp-content\/uploads\/2021\/03\/Maaliskuu-8-1-1024x683.jpg 1024w, https:\/\/www.kuvailla.fi\/wp-content\/uploads\/2021\/03\/Maaliskuu-8-1-300x200.jpg 300w, https:\/\/www.kuvailla.fi\/wp-content\/uploads\/2021\/03\/Maaliskuu-8-1-768x512.jpg 768w, https:\/\/www.kuvailla.fi\/wp-content\/uploads\/2021\/03\/Maaliskuu-8-1-1536x1024.jpg 1536w, https:\/\/www.kuvailla.fi\/wp-content\/uploads\/2021\/03\/Maaliskuu-8-1-2048x1365.jpg 2048w\" sizes=\"auto, (max-width: 1024px) 100vw, 1024px\" \/><\/a><\/figure>\n\n\n\n<figure class=\"wp-block-image size-large\"><a href=\"https:\/\/www.kuvailla.fi\/wp-content\/uploads\/2021\/03\/Maaliskuu-9-1-scaled.jpg\"><img loading=\"lazy\" decoding=\"async\" width=\"1024\" height=\"683\" data-id=\"2018\" src=\"https:\/\/www.kuvailla.fi\/wp-content\/uploads\/2021\/03\/Maaliskuu-9-1-1024x683.jpg\" alt=\"\" class=\"wp-image-2018\" srcset=\"https:\/\/www.kuvailla.fi\/wp-content\/uploads\/2021\/03\/Maaliskuu-9-1-1024x683.jpg 1024w, https:\/\/www.kuvailla.fi\/wp-content\/uploads\/2021\/03\/Maaliskuu-9-1-300x200.jpg 300w, https:\/\/www.kuvailla.fi\/wp-content\/uploads\/2021\/03\/Maaliskuu-9-1-768x512.jpg 768w, https:\/\/www.kuvailla.fi\/wp-content\/uploads\/2021\/03\/Maaliskuu-9-1-1536x1024.jpg 1536w, https:\/\/www.kuvailla.fi\/wp-content\/uploads\/2021\/03\/Maaliskuu-9-1-2048x1365.jpg 2048w\" sizes=\"auto, (max-width: 1024px) 100vw, 1024px\" \/><\/a><\/figure>\n\n\n\n<figure class=\"wp-block-image size-large\"><a href=\"https:\/\/www.kuvailla.fi\/wp-content\/uploads\/2021\/03\/Maaliskuu-10-1-scaled.jpg\"><img loading=\"lazy\" decoding=\"async\" width=\"1024\" height=\"683\" data-id=\"2019\" src=\"https:\/\/www.kuvailla.fi\/wp-content\/uploads\/2021\/03\/Maaliskuu-10-1-1024x683.jpg\" alt=\"\" class=\"wp-image-2019\" srcset=\"https:\/\/www.kuvailla.fi\/wp-content\/uploads\/2021\/03\/Maaliskuu-10-1-1024x683.jpg 1024w, https:\/\/www.kuvailla.fi\/wp-content\/uploads\/2021\/03\/Maaliskuu-10-1-300x200.jpg 300w, https:\/\/www.kuvailla.fi\/wp-content\/uploads\/2021\/03\/Maaliskuu-10-1-768x512.jpg 768w, https:\/\/www.kuvailla.fi\/wp-content\/uploads\/2021\/03\/Maaliskuu-10-1-1536x1024.jpg 1536w, https:\/\/www.kuvailla.fi\/wp-content\/uploads\/2021\/03\/Maaliskuu-10-1-2048x1365.jpg 2048w\" sizes=\"auto, (max-width: 1024px) 100vw, 1024px\" \/><\/a><\/figure>\n\n\n\n<figure class=\"wp-block-image size-large\"><a href=\"https:\/\/www.kuvailla.fi\/wp-content\/uploads\/2021\/03\/Maaliskuu-11-1-scaled.jpg\"><img loading=\"lazy\" decoding=\"async\" width=\"1024\" height=\"683\" data-id=\"2020\" src=\"https:\/\/www.kuvailla.fi\/wp-content\/uploads\/2021\/03\/Maaliskuu-11-1-1024x683.jpg\" alt=\"\" class=\"wp-image-2020\" srcset=\"https:\/\/www.kuvailla.fi\/wp-content\/uploads\/2021\/03\/Maaliskuu-11-1-1024x683.jpg 1024w, https:\/\/www.kuvailla.fi\/wp-content\/uploads\/2021\/03\/Maaliskuu-11-1-300x200.jpg 300w, https:\/\/www.kuvailla.fi\/wp-content\/uploads\/2021\/03\/Maaliskuu-11-1-768x512.jpg 768w, https:\/\/www.kuvailla.fi\/wp-content\/uploads\/2021\/03\/Maaliskuu-11-1-1536x1024.jpg 1536w, https:\/\/www.kuvailla.fi\/wp-content\/uploads\/2021\/03\/Maaliskuu-11-1-2048x1365.jpg 2048w\" sizes=\"auto, (max-width: 1024px) 100vw, 1024px\" \/><\/a><\/figure>\n\n\n\n<figure class=\"wp-block-image size-large\"><a href=\"https:\/\/www.kuvailla.fi\/wp-content\/uploads\/2021\/03\/Maaliskuu-12-1-scaled.jpg\"><img loading=\"lazy\" decoding=\"async\" width=\"1024\" height=\"567\" data-id=\"2021\" src=\"https:\/\/www.kuvailla.fi\/wp-content\/uploads\/2021\/03\/Maaliskuu-12-1-1024x567.jpg\" alt=\"\" class=\"wp-image-2021\" srcset=\"https:\/\/www.kuvailla.fi\/wp-content\/uploads\/2021\/03\/Maaliskuu-12-1-1024x567.jpg 1024w, https:\/\/www.kuvailla.fi\/wp-content\/uploads\/2021\/03\/Maaliskuu-12-1-300x166.jpg 300w, https:\/\/www.kuvailla.fi\/wp-content\/uploads\/2021\/03\/Maaliskuu-12-1-768x425.jpg 768w, https:\/\/www.kuvailla.fi\/wp-content\/uploads\/2021\/03\/Maaliskuu-12-1-1536x851.jpg 1536w, https:\/\/www.kuvailla.fi\/wp-content\/uploads\/2021\/03\/Maaliskuu-12-1-2048x1134.jpg 2048w\" sizes=\"auto, (max-width: 1024px) 100vw, 1024px\" \/><\/a><\/figure>\n\n\n\n<figure class=\"wp-block-image size-large\"><a href=\"https:\/\/www.kuvailla.fi\/wp-content\/uploads\/2021\/03\/Maaliskuu-13-1-scaled.jpg\"><img loading=\"lazy\" decoding=\"async\" width=\"1024\" height=\"485\" data-id=\"2022\" src=\"https:\/\/www.kuvailla.fi\/wp-content\/uploads\/2021\/03\/Maaliskuu-13-1-1024x485.jpg\" alt=\"\" class=\"wp-image-2022\" srcset=\"https:\/\/www.kuvailla.fi\/wp-content\/uploads\/2021\/03\/Maaliskuu-13-1-1024x485.jpg 1024w, https:\/\/www.kuvailla.fi\/wp-content\/uploads\/2021\/03\/Maaliskuu-13-1-300x142.jpg 300w, https:\/\/www.kuvailla.fi\/wp-content\/uploads\/2021\/03\/Maaliskuu-13-1-768x363.jpg 768w, https:\/\/www.kuvailla.fi\/wp-content\/uploads\/2021\/03\/Maaliskuu-13-1-1536x727.jpg 1536w, https:\/\/www.kuvailla.fi\/wp-content\/uploads\/2021\/03\/Maaliskuu-13-1-2048x969.jpg 2048w\" sizes=\"auto, (max-width: 1024px) 100vw, 1024px\" \/><\/a><\/figure>\n\n\n\n<figure class=\"wp-block-image size-large\"><a href=\"https:\/\/www.kuvailla.fi\/wp-content\/uploads\/2021\/03\/Maaliskuu-14-1-scaled.jpg\"><img loading=\"lazy\" decoding=\"async\" width=\"1024\" height=\"683\" data-id=\"2023\" src=\"https:\/\/www.kuvailla.fi\/wp-content\/uploads\/2021\/03\/Maaliskuu-14-1-1024x683.jpg\" alt=\"\" class=\"wp-image-2023\" srcset=\"https:\/\/www.kuvailla.fi\/wp-content\/uploads\/2021\/03\/Maaliskuu-14-1-1024x683.jpg 1024w, https:\/\/www.kuvailla.fi\/wp-content\/uploads\/2021\/03\/Maaliskuu-14-1-300x200.jpg 300w, https:\/\/www.kuvailla.fi\/wp-content\/uploads\/2021\/03\/Maaliskuu-14-1-768x512.jpg 768w, https:\/\/www.kuvailla.fi\/wp-content\/uploads\/2021\/03\/Maaliskuu-14-1-1536x1024.jpg 1536w, https:\/\/www.kuvailla.fi\/wp-content\/uploads\/2021\/03\/Maaliskuu-14-1-2048x1365.jpg 2048w\" sizes=\"auto, (max-width: 1024px) 100vw, 1024px\" \/><\/a><\/figure>\n\n\n\n<figure class=\"wp-block-image size-large\"><a href=\"https:\/\/www.kuvailla.fi\/wp-content\/uploads\/2021\/03\/Maaliskuu-15-1-scaled.jpg\"><img loading=\"lazy\" decoding=\"async\" width=\"1024\" height=\"576\" data-id=\"2024\" src=\"https:\/\/www.kuvailla.fi\/wp-content\/uploads\/2021\/03\/Maaliskuu-15-1-1024x576.jpg\" alt=\"\" class=\"wp-image-2024\" srcset=\"https:\/\/www.kuvailla.fi\/wp-content\/uploads\/2021\/03\/Maaliskuu-15-1-1024x576.jpg 1024w, https:\/\/www.kuvailla.fi\/wp-content\/uploads\/2021\/03\/Maaliskuu-15-1-300x169.jpg 300w, https:\/\/www.kuvailla.fi\/wp-content\/uploads\/2021\/03\/Maaliskuu-15-1-768x432.jpg 768w, https:\/\/www.kuvailla.fi\/wp-content\/uploads\/2021\/03\/Maaliskuu-15-1-1536x864.jpg 1536w, https:\/\/www.kuvailla.fi\/wp-content\/uploads\/2021\/03\/Maaliskuu-15-1-2048x1152.jpg 2048w, https:\/\/www.kuvailla.fi\/wp-content\/uploads\/2021\/03\/Maaliskuu-15-1-350x197.jpg 350w, https:\/\/www.kuvailla.fi\/wp-content\/uploads\/2021\/03\/Maaliskuu-15-1-860x484.jpg 860w\" sizes=\"auto, (max-width: 1024px) 100vw, 1024px\" \/><\/a><\/figure>\n\n\n\n<figure class=\"wp-block-image size-large\"><a href=\"https:\/\/www.kuvailla.fi\/wp-content\/uploads\/2021\/03\/Maaliskuu-16-1-scaled.jpg\"><img loading=\"lazy\" decoding=\"async\" width=\"1024\" height=\"683\" data-id=\"2025\" src=\"https:\/\/www.kuvailla.fi\/wp-content\/uploads\/2021\/03\/Maaliskuu-16-1-1024x683.jpg\" alt=\"\" class=\"wp-image-2025\" srcset=\"https:\/\/www.kuvailla.fi\/wp-content\/uploads\/2021\/03\/Maaliskuu-16-1-1024x683.jpg 1024w, https:\/\/www.kuvailla.fi\/wp-content\/uploads\/2021\/03\/Maaliskuu-16-1-300x200.jpg 300w, https:\/\/www.kuvailla.fi\/wp-content\/uploads\/2021\/03\/Maaliskuu-16-1-768x512.jpg 768w, https:\/\/www.kuvailla.fi\/wp-content\/uploads\/2021\/03\/Maaliskuu-16-1-1536x1024.jpg 1536w, https:\/\/www.kuvailla.fi\/wp-content\/uploads\/2021\/03\/Maaliskuu-16-1-2048x1365.jpg 2048w\" sizes=\"auto, (max-width: 1024px) 100vw, 1024px\" \/><\/a><\/figure>\n\n\n\n<figure class=\"wp-block-image size-large\"><a href=\"https:\/\/www.kuvailla.fi\/wp-content\/uploads\/2021\/03\/Maaliskuu-17-1-scaled.jpg\"><img loading=\"lazy\" decoding=\"async\" width=\"1024\" height=\"683\" data-id=\"2026\" src=\"https:\/\/www.kuvailla.fi\/wp-content\/uploads\/2021\/03\/Maaliskuu-17-1-1024x683.jpg\" alt=\"\" class=\"wp-image-2026\" srcset=\"https:\/\/www.kuvailla.fi\/wp-content\/uploads\/2021\/03\/Maaliskuu-17-1-1024x683.jpg 1024w, https:\/\/www.kuvailla.fi\/wp-content\/uploads\/2021\/03\/Maaliskuu-17-1-300x200.jpg 300w, https:\/\/www.kuvailla.fi\/wp-content\/uploads\/2021\/03\/Maaliskuu-17-1-768x512.jpg 768w, https:\/\/www.kuvailla.fi\/wp-content\/uploads\/2021\/03\/Maaliskuu-17-1-1536x1024.jpg 1536w, https:\/\/www.kuvailla.fi\/wp-content\/uploads\/2021\/03\/Maaliskuu-17-1-2048x1365.jpg 2048w\" sizes=\"auto, (max-width: 1024px) 100vw, 1024px\" \/><\/a><\/figure>\n\n\n\n<figure class=\"wp-block-image size-large\"><a href=\"https:\/\/www.kuvailla.fi\/wp-content\/uploads\/2021\/03\/Maaliskuu-18-1-scaled.jpg\"><img loading=\"lazy\" decoding=\"async\" width=\"1024\" height=\"683\" data-id=\"2027\" src=\"https:\/\/www.kuvailla.fi\/wp-content\/uploads\/2021\/03\/Maaliskuu-18-1-1024x683.jpg\" alt=\"\" class=\"wp-image-2027\" srcset=\"https:\/\/www.kuvailla.fi\/wp-content\/uploads\/2021\/03\/Maaliskuu-18-1-1024x683.jpg 1024w, https:\/\/www.kuvailla.fi\/wp-content\/uploads\/2021\/03\/Maaliskuu-18-1-300x200.jpg 300w, https:\/\/www.kuvailla.fi\/wp-content\/uploads\/2021\/03\/Maaliskuu-18-1-768x512.jpg 768w, https:\/\/www.kuvailla.fi\/wp-content\/uploads\/2021\/03\/Maaliskuu-18-1-1536x1024.jpg 1536w, https:\/\/www.kuvailla.fi\/wp-content\/uploads\/2021\/03\/Maaliskuu-18-1-2048x1365.jpg 2048w\" sizes=\"auto, (max-width: 1024px) 100vw, 1024px\" \/><\/a><\/figure>\n<figcaption class=\"blocks-gallery-caption wp-element-caption\"> Kuvassa Kuhakosken putous, Vihti.<\/figcaption><\/figure>\n\n\n\n<p style=\"text-align: justify;\">Laitan t\u00e4h\u00e4n videon, jossa on tunnelmaa rantaretkest\u00e4 Em\u00e4saloon. Paikkaseutu j\u00e4i kaihertamaan mielt\u00e4 sen verran, ett\u00e4 sinne voisi tehd\u00e4 varsin mahtavan zen-valokuvausretken, kunhan t\u00e4m\u00e4 paha kulkutauti hellitt\u00e4\u00e4 ja hallitus antaa luvan ryhm\u00e4matkaamiseen. Sinne pit\u00e4\u00e4 menn\u00e4 ev\u00e4iden kanssa. Viipy\u00e4 raikkaassa tuulessa, syv\u00e4ss\u00e4 hiljaisuudessa, jossa selke\u00e4 havaitseminen ja valokuvaus voi olla hidasta ja terapeuttista. Huono puoli on se, ett\u00e4 n\u00e4in karulla rannalla\u00a0 joutuu tarkkaan katsomaan ja kulkemaan, ettei tupsahda polvilleen. Paikka on yksi hienoimpia maisemia Etel\u00e4-Suomessa.<\/p>\n<div style=\"padding: 56.25% 0 0 0; position: relative;\"><iframe style=\"position: absolute; top: 0; left: 0; width: 100%; height: 100%;\" title=\"Em&amp;auml;salo +2\" src=\"https:\/\/player.vimeo.com\/video\/540033802?h=5f9834e719&amp;badge=0&amp;autopause=0&amp;player_id=0&amp;app_id=58479\" frameborder=\"0\" allowfullscreen=\"allowfullscreen\"><\/iframe><\/div>\n<p><script src=\"https:\/\/player.vimeo.com\/api\/player.js\"><\/script><\/p>\n","protected":false},"excerpt":{"rendered":"<p>Maaliskuu on kuukausista vaikein. Kummallinen levottomuus iskee selk\u00e4rankaan. Ei ole kev\u00e4t mutta ei talvikaan. Kulkukissat mouruavat Kallion suljetuilla sih\u00e4pihoilla. Talveen ollaan kyll\u00e4stytty, onneksi kev\u00e4t n\u00e4ytt\u00e4\u00e4 pieni\u00e4 merkkej\u00e4. Miten sit\u00e4 kaipaakaan <a class=\"more-link\" href=\"https:\/\/www.kuvailla.fi\/?page_id=2893\">Lue lis\u00e4\u00e4 &#8230;<\/a><\/p>\n","protected":false},"author":1,"featured_media":0,"parent":0,"menu_order":0,"comment_status":"closed","ping_status":"closed","template":"","meta":{"footnotes":""},"class_list":["post-2893","page","type-page","status-publish","hentry"],"_links":{"self":[{"href":"https:\/\/www.kuvailla.fi\/index.php?rest_route=\/wp\/v2\/pages\/2893","targetHints":{"allow":["GET"]}}],"collection":[{"href":"https:\/\/www.kuvailla.fi\/index.php?rest_route=\/wp\/v2\/pages"}],"about":[{"href":"https:\/\/www.kuvailla.fi\/index.php?rest_route=\/wp\/v2\/types\/page"}],"author":[{"embeddable":true,"href":"https:\/\/www.kuvailla.fi\/index.php?rest_route=\/wp\/v2\/users\/1"}],"replies":[{"embeddable":true,"href":"https:\/\/www.kuvailla.fi\/index.php?rest_route=%2Fwp%2Fv2%2Fcomments&post=2893"}],"version-history":[{"count":2,"href":"https:\/\/www.kuvailla.fi\/index.php?rest_route=\/wp\/v2\/pages\/2893\/revisions"}],"predecessor-version":[{"id":2979,"href":"https:\/\/www.kuvailla.fi\/index.php?rest_route=\/wp\/v2\/pages\/2893\/revisions\/2979"}],"wp:attachment":[{"href":"https:\/\/www.kuvailla.fi\/index.php?rest_route=%2Fwp%2Fv2%2Fmedia&parent=2893"}],"curies":[{"name":"wp","href":"https:\/\/api.w.org\/{rel}","templated":true}]}}