{"id":3071,"date":"2023-04-24T05:07:46","date_gmt":"2023-04-24T05:07:46","guid":{"rendered":"https:\/\/www.kuvailla.fi\/?page_id=3071"},"modified":"2023-04-24T17:17:10","modified_gmt":"2023-04-24T17:17:10","slug":"buddhalaisuuden-paiva-viettoa-2023","status":"publish","type":"page","link":"https:\/\/www.kuvailla.fi\/?page_id=3071","title":{"rendered":"Buddhalaisuus-p\u00e4iv\u00e4n viettoa 2023"},"content":{"rendered":"\n<p style=\"text-align: justify;\"><span style=\"font-size: 20px;\">Suomen Buddhalainen Unioni oli kutsunut\u00a0 kaikkia buddhalaisia ja buddhalaisuuden yst\u00e4vi\u00e4 juhlimaan Buddhalaisuuden p\u00e4iv\u00e4\u00e4 Karjaan Sanneji zen-temppeliin, keskustelemaan ja tutustumaan. Juhla vietettiin lauantaina 22.4.2023 Ohjelmassa oli aluksi eri buddhalaisten perinteiden mukaista resitaatiota,\u00a0 SBU:n tervehdyssanat, jotka esittti Unionin puheenjohtaja Irma Rinne, zenopettaja Sangen Salo piti koskettavan opetuspuheen. Sangen Salo esitteli meille vieraille temppeli\u00e4 ja kertoi talon entisen 1930-luvulla rakennetun koulun kunnostamisesta buddhalaiseksi temppeliksi. Osallistujat nauttivat maittavan vegaanisen lounaan. Kokonaisuudessaan el\u00e4hdytt\u00e4v\u00e4 SBUn tapaaminen\u00a0 sek\u00e4 kohtaaminen! Kiitos viel\u00e4 Sanneji-temppelin v\u00e4elle ja zenopettaja Salolle! Tapahtumaa on tukenut Kulttuuri- ja uskontofoorumi FOKUS ry.<\/span><\/p>\n<p><em><strong>Klikkaa kuvaa, ne aukeavat kuvaruudun kokoiseksi ja voit selailla kuvia aukeavassa katseluohjelmassa. Kuvat ovat parhaimmillaan suurella n\u00e4yt\u00f6ll\u00e4<\/strong><\/em>.<\/p>\n\n\n\n<figure class=\"wp-block-gallery has-nested-images columns-default is-cropped wp-block-gallery-1 is-layout-flex wp-block-gallery-is-layout-flex\">\n<figure class=\"wp-block-image size-medium\"><a href=\"https:\/\/www.kuvailla.fi\/wp-content\/uploads\/2023\/04\/IMG_2100.jpg\"><img loading=\"lazy\" decoding=\"async\" width=\"200\" height=\"300\" data-id=\"3072\" src=\"https:\/\/www.kuvailla.fi\/wp-content\/uploads\/2023\/04\/IMG_2100-200x300.jpg\" alt=\"\" class=\"wp-image-3072\" srcset=\"https:\/\/www.kuvailla.fi\/wp-content\/uploads\/2023\/04\/IMG_2100-200x300.jpg 200w, https:\/\/www.kuvailla.fi\/wp-content\/uploads\/2023\/04\/IMG_2100-681x1024.jpg 681w, https:\/\/www.kuvailla.fi\/wp-content\/uploads\/2023\/04\/IMG_2100-768x1154.jpg 768w, https:\/\/www.kuvailla.fi\/wp-content\/uploads\/2023\/04\/IMG_2100-1022x1536.jpg 1022w, https:\/\/www.kuvailla.fi\/wp-content\/uploads\/2023\/04\/IMG_2100-1363x2048.jpg 1363w, https:\/\/www.kuvailla.fi\/wp-content\/uploads\/2023\/04\/IMG_2100.jpg 1650w\" sizes=\"auto, (max-width: 200px) 100vw, 200px\" \/><\/a><\/figure>\n\n\n\n<figure class=\"wp-block-image size-large\"><a href=\"https:\/\/www.kuvailla.fi\/wp-content\/uploads\/2023\/04\/IMG_2104-scaled.jpg\"><img loading=\"lazy\" decoding=\"async\" width=\"1024\" height=\"681\" data-id=\"3073\" src=\"https:\/\/www.kuvailla.fi\/wp-content\/uploads\/2023\/04\/IMG_2104-1024x681.jpg\" alt=\"\" class=\"wp-image-3073\" srcset=\"https:\/\/www.kuvailla.fi\/wp-content\/uploads\/2023\/04\/IMG_2104-1024x681.jpg 1024w, https:\/\/www.kuvailla.fi\/wp-content\/uploads\/2023\/04\/IMG_2104-300x200.jpg 300w, https:\/\/www.kuvailla.fi\/wp-content\/uploads\/2023\/04\/IMG_2104-768x511.jpg 768w, https:\/\/www.kuvailla.fi\/wp-content\/uploads\/2023\/04\/IMG_2104-1536x1022.jpg 1536w, https:\/\/www.kuvailla.fi\/wp-content\/uploads\/2023\/04\/IMG_2104-2048x1363.jpg 2048w\" sizes=\"auto, (max-width: 1024px) 100vw, 1024px\" \/><\/a><\/figure>\n\n\n\n<figure class=\"wp-block-image size-large\"><a href=\"https:\/\/www.kuvailla.fi\/wp-content\/uploads\/2023\/04\/IMG_2120.jpg\"><img loading=\"lazy\" decoding=\"async\" width=\"681\" height=\"1024\" data-id=\"3076\" src=\"https:\/\/www.kuvailla.fi\/wp-content\/uploads\/2023\/04\/IMG_2120-681x1024.jpg\" alt=\"\" class=\"wp-image-3076\" srcset=\"https:\/\/www.kuvailla.fi\/wp-content\/uploads\/2023\/04\/IMG_2120-681x1024.jpg 681w, https:\/\/www.kuvailla.fi\/wp-content\/uploads\/2023\/04\/IMG_2120-200x300.jpg 200w, https:\/\/www.kuvailla.fi\/wp-content\/uploads\/2023\/04\/IMG_2120-768x1154.jpg 768w, https:\/\/www.kuvailla.fi\/wp-content\/uploads\/2023\/04\/IMG_2120-1022x1536.jpg 1022w, https:\/\/www.kuvailla.fi\/wp-content\/uploads\/2023\/04\/IMG_2120-1363x2048.jpg 1363w, https:\/\/www.kuvailla.fi\/wp-content\/uploads\/2023\/04\/IMG_2120.jpg 1650w\" sizes=\"auto, (max-width: 681px) 100vw, 681px\" \/><\/a><\/figure>\n\n\n\n<figure class=\"wp-block-image size-large\"><a href=\"https:\/\/www.kuvailla.fi\/wp-content\/uploads\/2023\/04\/IMG_2113-scaled.jpg\"><img loading=\"lazy\" decoding=\"async\" width=\"1024\" height=\"746\" data-id=\"3113\" src=\"https:\/\/www.kuvailla.fi\/wp-content\/uploads\/2023\/04\/IMG_2113-1024x746.jpg\" alt=\"\" class=\"wp-image-3113\" srcset=\"https:\/\/www.kuvailla.fi\/wp-content\/uploads\/2023\/04\/IMG_2113-1024x746.jpg 1024w, https:\/\/www.kuvailla.fi\/wp-content\/uploads\/2023\/04\/IMG_2113-300x219.jpg 300w, https:\/\/www.kuvailla.fi\/wp-content\/uploads\/2023\/04\/IMG_2113-768x560.jpg 768w, https:\/\/www.kuvailla.fi\/wp-content\/uploads\/2023\/04\/IMG_2113-1536x1119.jpg 1536w, https:\/\/www.kuvailla.fi\/wp-content\/uploads\/2023\/04\/IMG_2113-2048x1493.jpg 2048w\" sizes=\"auto, (max-width: 1024px) 100vw, 1024px\" \/><\/a><\/figure>\n\n\n\n<figure class=\"wp-block-image size-large\"><a href=\"https:\/\/www.kuvailla.fi\/wp-content\/uploads\/2023\/04\/IMG_2128.jpg\"><img loading=\"lazy\" decoding=\"async\" width=\"1024\" height=\"1024\" data-id=\"3079\" src=\"https:\/\/www.kuvailla.fi\/wp-content\/uploads\/2023\/04\/IMG_2128-1024x1024.jpg\" alt=\"\" class=\"wp-image-3079\" srcset=\"https:\/\/www.kuvailla.fi\/wp-content\/uploads\/2023\/04\/IMG_2128-1024x1024.jpg 1024w, https:\/\/www.kuvailla.fi\/wp-content\/uploads\/2023\/04\/IMG_2128-300x300.jpg 300w, https:\/\/www.kuvailla.fi\/wp-content\/uploads\/2023\/04\/IMG_2128-150x150.jpg 150w, https:\/\/www.kuvailla.fi\/wp-content\/uploads\/2023\/04\/IMG_2128-768x768.jpg 768w, https:\/\/www.kuvailla.fi\/wp-content\/uploads\/2023\/04\/IMG_2128-1536x1536.jpg 1536w, https:\/\/www.kuvailla.fi\/wp-content\/uploads\/2023\/04\/IMG_2128-2048x2048.jpg 2048w, https:\/\/www.kuvailla.fi\/wp-content\/uploads\/2023\/04\/IMG_2128-200x200.jpg 200w, https:\/\/www.kuvailla.fi\/wp-content\/uploads\/2023\/04\/IMG_2128-100x100.jpg 100w, https:\/\/www.kuvailla.fi\/wp-content\/uploads\/2023\/04\/IMG_2128-40x40.jpg 40w\" sizes=\"auto, (max-width: 1024px) 100vw, 1024px\" \/><\/a><\/figure>\n\n\n\n<figure class=\"wp-block-image size-large\"><a href=\"https:\/\/www.kuvailla.fi\/wp-content\/uploads\/2023\/04\/IMG_2126.jpg\"><img loading=\"lazy\" decoding=\"async\" width=\"747\" height=\"1024\" data-id=\"3078\" src=\"https:\/\/www.kuvailla.fi\/wp-content\/uploads\/2023\/04\/IMG_2126-747x1024.jpg\" alt=\"\" class=\"wp-image-3078\" srcset=\"https:\/\/www.kuvailla.fi\/wp-content\/uploads\/2023\/04\/IMG_2126-747x1024.jpg 747w, https:\/\/www.kuvailla.fi\/wp-content\/uploads\/2023\/04\/IMG_2126-219x300.jpg 219w, https:\/\/www.kuvailla.fi\/wp-content\/uploads\/2023\/04\/IMG_2126-768x1052.jpg 768w, https:\/\/www.kuvailla.fi\/wp-content\/uploads\/2023\/04\/IMG_2126-1121x1536.jpg 1121w, https:\/\/www.kuvailla.fi\/wp-content\/uploads\/2023\/04\/IMG_2126-1495x2048.jpg 1495w, https:\/\/www.kuvailla.fi\/wp-content\/uploads\/2023\/04\/IMG_2126.jpg 1810w\" sizes=\"auto, (max-width: 747px) 100vw, 747px\" \/><\/a><\/figure>\n\n\n\n<figure class=\"wp-block-image size-large\"><a href=\"https:\/\/www.kuvailla.fi\/wp-content\/uploads\/2023\/04\/IMG_2124.jpg\"><img loading=\"lazy\" decoding=\"async\" width=\"768\" height=\"1024\" data-id=\"3077\" src=\"https:\/\/www.kuvailla.fi\/wp-content\/uploads\/2023\/04\/IMG_2124-768x1024.jpg\" alt=\"\" class=\"wp-image-3077\" srcset=\"https:\/\/www.kuvailla.fi\/wp-content\/uploads\/2023\/04\/IMG_2124-768x1024.jpg 768w, https:\/\/www.kuvailla.fi\/wp-content\/uploads\/2023\/04\/IMG_2124-225x300.jpg 225w, https:\/\/www.kuvailla.fi\/wp-content\/uploads\/2023\/04\/IMG_2124-1152x1536.jpg 1152w, https:\/\/www.kuvailla.fi\/wp-content\/uploads\/2023\/04\/IMG_2124-1536x2048.jpg 1536w, https:\/\/www.kuvailla.fi\/wp-content\/uploads\/2023\/04\/IMG_2124.jpg 1860w\" sizes=\"auto, (max-width: 768px) 100vw, 768px\" \/><\/a><\/figure>\n<\/figure>\n\n\n\n<p><strong><span style=\"font-size: 14px;\">Kaikki kuvat ovat Mikko Vimalamitran ottamia, ilman lupaa kuvien kopioiminen on kielletty.<\/span><\/strong><\/p>\n<h4>Linkkej\u00e4<\/h4>\n<p>Suomen Buddhalainen Unioni: <a href=\"https:\/\/www.sbu.fi\/\">www. sbu.fi<\/a><\/p>\n<p>Kulttuuri- ja uskontofoorumi FOKUS ry: <a href=\"https:\/\/dialogikasvatus.fi\/fokus-ry\/etusivu\" target=\"_blank\" rel=\"noopener\">https:\/\/dialogikasvatus.fi\/fokus-ry\/etusivu<\/a><\/p>\n<p>Bodhidharma ry: <a href=\"https:\/\/www.bodhidharma.fi\/\" target=\"_blank\" rel=\"noopener\">www.bodhidharma.fi<\/a><\/p>\n<p>Sanneji-temppeli, paikka josta kuvat ovat: <a href=\"https:\/\/sanneji.zazen.fi\" target=\"_blank\" rel=\"noopener\">https:\/\/sanneji.zazen.fi<\/a><\/p>\n<p>\u00a0<\/p>\n","protected":false},"excerpt":{"rendered":"<p>Suomen Buddhalainen Unioni oli kutsunut\u00a0 kaikkia buddhalaisia ja buddhalaisuuden yst\u00e4vi\u00e4 juhlimaan Buddhalaisuuden p\u00e4iv\u00e4\u00e4 Karjaan Sanneji zen-temppeliin, keskustelemaan ja tutustumaan. Juhla vietettiin lauantaina 22.4.2023 Ohjelmassa oli aluksi eri buddhalaisten perinteiden mukaista <a class=\"more-link\" href=\"https:\/\/www.kuvailla.fi\/?page_id=3071\">Lue lis\u00e4\u00e4 &#8230;<\/a><\/p>\n","protected":false},"author":1,"featured_media":0,"parent":0,"menu_order":0,"comment_status":"closed","ping_status":"closed","template":"","meta":{"footnotes":""},"class_list":["post-3071","page","type-page","status-publish","hentry"],"_links":{"self":[{"href":"https:\/\/www.kuvailla.fi\/index.php?rest_route=\/wp\/v2\/pages\/3071","targetHints":{"allow":["GET"]}}],"collection":[{"href":"https:\/\/www.kuvailla.fi\/index.php?rest_route=\/wp\/v2\/pages"}],"about":[{"href":"https:\/\/www.kuvailla.fi\/index.php?rest_route=\/wp\/v2\/types\/page"}],"author":[{"embeddable":true,"href":"https:\/\/www.kuvailla.fi\/index.php?rest_route=\/wp\/v2\/users\/1"}],"replies":[{"embeddable":true,"href":"https:\/\/www.kuvailla.fi\/index.php?rest_route=%2Fwp%2Fv2%2Fcomments&post=3071"}],"version-history":[{"count":29,"href":"https:\/\/www.kuvailla.fi\/index.php?rest_route=\/wp\/v2\/pages\/3071\/revisions"}],"predecessor-version":[{"id":3121,"href":"https:\/\/www.kuvailla.fi\/index.php?rest_route=\/wp\/v2\/pages\/3071\/revisions\/3121"}],"wp:attachment":[{"href":"https:\/\/www.kuvailla.fi\/index.php?rest_route=%2Fwp%2Fv2%2Fmedia&parent=3071"}],"curies":[{"name":"wp","href":"https:\/\/api.w.org\/{rel}","templated":true}]}}