{"id":3340,"date":"2023-09-05T15:19:05","date_gmt":"2023-09-05T15:19:05","guid":{"rendered":"https:\/\/www.kuvailla.fi\/?page_id=3340"},"modified":"2023-09-17T08:19:01","modified_gmt":"2023-09-17T08:19:01","slug":"zen-valokuvausta-seurasaaressa","status":"publish","type":"page","link":"https:\/\/www.kuvailla.fi\/?page_id=3340","title":{"rendered":"Zen-valokuvausta Seurasaaressa"},"content":{"rendered":"\n<p style=\"text-align: justify;\"><span style=\"font-size: 20px; font-family: arial, helvetica, sans-serif;\">Olimme sopineet tapaamisen 12.8.2023 Helsingin Kampin linja-autoasemalle, koska autopaikkoja Seurasaaren edess\u00e4 on varsin v\u00e4h\u00e4n. Bussi toimi moitteettomasti kohtuullisella hiilijalanj\u00e4ljell\u00e4 ja ehdimme tutustua matkalla osanottajajoukkoon, joka koostui kolmesta osallistujasta allekirjoittaneen lis\u00e4ksi.<\/span><\/p>\n<p style=\"text-align: justify;\"><span style=\"font-size: 20px; font-family: arial, helvetica, sans-serif;\">Olin ollut joitakin viikkoja aikaisemmin yhteydess\u00e4 Seurasaareen ja kysellyt lupia kuvata museoalueella taloissa ja kartanoilla. Se olisi ollut mahdollista lipun kanssa, mutta kun saavuimme klo 10 aikaan, niin lippuluukku ei ollut viel\u00e4 auki. Mielemme paloi jo valokuvaamaan. Vanhan aitan vierem\u00e4ll\u00e4 pidin pienen ohjauksen zen-valokuvaukseen.<br><br>Zen-valokuvaus on harjoitus siin\u00e4, miss\u00e4 zen-meditaatio tai vaikka zen-k\u00e4veleminen ovat. Hiljaisuus on niiss\u00e4 kaikissa yhteinen tekij\u00e4. L\u00f6in kolme ly\u00f6nti\u00e4 mukanani tuomaan kelloon ja hiljaisuus alkoi. L\u00e4hdimme kulkemaan saaren id\u00e4n puoleista hiekkatiet\u00e4, joka seurailee l\u00e4himp\u00e4n\u00e4 merenrantaa. Olimme sopineet, ett\u00e4 emme kuvaa viel\u00e4 mit\u00e4\u00e4n vaan annamme kehomme ja mielemme rentoutua ja arjen huolien, kiireiden vain pudota pois mielest\u00e4. Jo viidentoista minuutin hidas k\u00e4vely rahoittaa mielt\u00e4, luonnon keskell\u00e4. Kuvaajan mieli muuttuu vastaanottavaiseksi ja eri kohteet alkavat kiinnostamaan ja uteliaisuus her\u00e4t\u00e4. Oikeastaan kohteet kutsuvat kuvaamaan\u2026<br><br>T\u00e4ss\u00e4 alla on ryhm\u00e4mme ottamia kuvia, jotka ovat tulosta hiljaisesta mielest\u00e4, pyrkim\u00e4tt\u00f6myydest\u00e4 ja rauhallisesta hitaasta k\u00e4velemisest\u00e4. Kuvia ei ole laitettu paremmuusj\u00e4rjestykseen, vaan kukin osallistuja sai l\u00e4hett\u00e4\u00e4 t\u00e4h\u00e4n valokuvan\u00e4yttelyyn valokuvia, joissa tunsi iloa ja onnistumista.<\/span><\/p>\n\n\n\n<figure class=\"wp-block-gallery has-nested-images columns-default is-cropped wp-block-gallery-1 is-layout-flex wp-block-gallery-is-layout-flex\">\n<figure class=\"wp-block-image size-large\"><a href=\"https:\/\/www.kuvailla.fi\/wp-content\/uploads\/2023\/08\/Kristel1-scaled.jpg\"><img loading=\"lazy\" decoding=\"async\" width=\"683\" height=\"1024\" data-id=\"3341\" src=\"https:\/\/www.kuvailla.fi\/wp-content\/uploads\/2023\/08\/Kristel1-683x1024.jpg\" alt=\"\" class=\"wp-image-3341\" srcset=\"https:\/\/www.kuvailla.fi\/wp-content\/uploads\/2023\/08\/Kristel1-683x1024.jpg 683w, https:\/\/www.kuvailla.fi\/wp-content\/uploads\/2023\/08\/Kristel1-200x300.jpg 200w, https:\/\/www.kuvailla.fi\/wp-content\/uploads\/2023\/08\/Kristel1-768x1152.jpg 768w, https:\/\/www.kuvailla.fi\/wp-content\/uploads\/2023\/08\/Kristel1-1024x1536.jpg 1024w, https:\/\/www.kuvailla.fi\/wp-content\/uploads\/2023\/08\/Kristel1-1365x2048.jpg 1365w, https:\/\/www.kuvailla.fi\/wp-content\/uploads\/2023\/08\/Kristel1-scaled.jpg 1707w\" sizes=\"auto, (max-width: 683px) 100vw, 683px\" \/><\/a><figcaption class=\"wp-element-caption\">Kristel-1<\/figcaption><\/figure>\n\n\n\n<figure class=\"wp-block-image size-large\"><a href=\"https:\/\/www.kuvailla.fi\/wp-content\/uploads\/2023\/08\/Kristel2-scaled.jpg\"><img loading=\"lazy\" decoding=\"async\" width=\"683\" height=\"1024\" data-id=\"3342\" src=\"https:\/\/www.kuvailla.fi\/wp-content\/uploads\/2023\/08\/Kristel2-683x1024.jpg\" alt=\"\" class=\"wp-image-3342\" srcset=\"https:\/\/www.kuvailla.fi\/wp-content\/uploads\/2023\/08\/Kristel2-683x1024.jpg 683w, https:\/\/www.kuvailla.fi\/wp-content\/uploads\/2023\/08\/Kristel2-200x300.jpg 200w, https:\/\/www.kuvailla.fi\/wp-content\/uploads\/2023\/08\/Kristel2-768x1152.jpg 768w, https:\/\/www.kuvailla.fi\/wp-content\/uploads\/2023\/08\/Kristel2-1024x1536.jpg 1024w, https:\/\/www.kuvailla.fi\/wp-content\/uploads\/2023\/08\/Kristel2-1365x2048.jpg 1365w, https:\/\/www.kuvailla.fi\/wp-content\/uploads\/2023\/08\/Kristel2-scaled.jpg 1707w\" sizes=\"auto, (max-width: 683px) 100vw, 683px\" \/><\/a><figcaption class=\"wp-element-caption\">Kristel-2<\/figcaption><\/figure>\n\n\n\n<figure class=\"wp-block-image size-large\"><a href=\"https:\/\/www.kuvailla.fi\/wp-content\/uploads\/2023\/08\/Kristel3-scaled.jpg\"><img loading=\"lazy\" decoding=\"async\" width=\"683\" height=\"1024\" data-id=\"3343\" src=\"https:\/\/www.kuvailla.fi\/wp-content\/uploads\/2023\/08\/Kristel3-683x1024.jpg\" alt=\"\" class=\"wp-image-3343\" srcset=\"https:\/\/www.kuvailla.fi\/wp-content\/uploads\/2023\/08\/Kristel3-683x1024.jpg 683w, https:\/\/www.kuvailla.fi\/wp-content\/uploads\/2023\/08\/Kristel3-200x300.jpg 200w, https:\/\/www.kuvailla.fi\/wp-content\/uploads\/2023\/08\/Kristel3-768x1152.jpg 768w, https:\/\/www.kuvailla.fi\/wp-content\/uploads\/2023\/08\/Kristel3-1024x1536.jpg 1024w, https:\/\/www.kuvailla.fi\/wp-content\/uploads\/2023\/08\/Kristel3-1365x2048.jpg 1365w, https:\/\/www.kuvailla.fi\/wp-content\/uploads\/2023\/08\/Kristel3-scaled.jpg 1707w\" sizes=\"auto, (max-width: 683px) 100vw, 683px\" \/><\/a><figcaption class=\"wp-element-caption\">Kristel-3<\/figcaption><\/figure>\n\n\n\n<figure class=\"wp-block-image size-large\"><a href=\"https:\/\/www.kuvailla.fi\/wp-content\/uploads\/2023\/08\/Kristel4-scaled.jpg\"><img loading=\"lazy\" decoding=\"async\" width=\"710\" height=\"1024\" data-id=\"3344\" src=\"https:\/\/www.kuvailla.fi\/wp-content\/uploads\/2023\/08\/Kristel4-710x1024.jpg\" alt=\"\" class=\"wp-image-3344\" srcset=\"https:\/\/www.kuvailla.fi\/wp-content\/uploads\/2023\/08\/Kristel4-710x1024.jpg 710w, https:\/\/www.kuvailla.fi\/wp-content\/uploads\/2023\/08\/Kristel4-208x300.jpg 208w, https:\/\/www.kuvailla.fi\/wp-content\/uploads\/2023\/08\/Kristel4-768x1108.jpg 768w, https:\/\/www.kuvailla.fi\/wp-content\/uploads\/2023\/08\/Kristel4-1065x1536.jpg 1065w, https:\/\/www.kuvailla.fi\/wp-content\/uploads\/2023\/08\/Kristel4-1420x2048.jpg 1420w, https:\/\/www.kuvailla.fi\/wp-content\/uploads\/2023\/08\/Kristel4-scaled.jpg 1775w\" sizes=\"auto, (max-width: 710px) 100vw, 710px\" \/><\/a><figcaption class=\"wp-element-caption\">Kristel-4<\/figcaption><\/figure>\n\n\n\n<figure class=\"wp-block-image size-large\"><a href=\"https:\/\/www.kuvailla.fi\/wp-content\/uploads\/2023\/08\/Kristel5-scaled.jpg\"><img loading=\"lazy\" decoding=\"async\" width=\"683\" height=\"1024\" data-id=\"3345\" src=\"https:\/\/www.kuvailla.fi\/wp-content\/uploads\/2023\/08\/Kristel5-683x1024.jpg\" alt=\"\" class=\"wp-image-3345\" srcset=\"https:\/\/www.kuvailla.fi\/wp-content\/uploads\/2023\/08\/Kristel5-683x1024.jpg 683w, https:\/\/www.kuvailla.fi\/wp-content\/uploads\/2023\/08\/Kristel5-200x300.jpg 200w, https:\/\/www.kuvailla.fi\/wp-content\/uploads\/2023\/08\/Kristel5-768x1152.jpg 768w, https:\/\/www.kuvailla.fi\/wp-content\/uploads\/2023\/08\/Kristel5-1024x1536.jpg 1024w, https:\/\/www.kuvailla.fi\/wp-content\/uploads\/2023\/08\/Kristel5-1365x2048.jpg 1365w, https:\/\/www.kuvailla.fi\/wp-content\/uploads\/2023\/08\/Kristel5-scaled.jpg 1707w\" sizes=\"auto, (max-width: 683px) 100vw, 683px\" \/><\/a><figcaption class=\"wp-element-caption\">Kristel-5<\/figcaption><\/figure>\n\n\n\n<figure class=\"wp-block-image size-large\"><a href=\"https:\/\/www.kuvailla.fi\/wp-content\/uploads\/2023\/08\/1-silta.jpg\"><img loading=\"lazy\" decoding=\"async\" width=\"1024\" height=\"550\" data-id=\"3359\" src=\"https:\/\/www.kuvailla.fi\/wp-content\/uploads\/2023\/08\/1-silta-1024x550.jpg\" alt=\"\" class=\"wp-image-3359\" srcset=\"https:\/\/www.kuvailla.fi\/wp-content\/uploads\/2023\/08\/1-silta-1024x550.jpg 1024w, https:\/\/www.kuvailla.fi\/wp-content\/uploads\/2023\/08\/1-silta-300x161.jpg 300w, https:\/\/www.kuvailla.fi\/wp-content\/uploads\/2023\/08\/1-silta-768x413.jpg 768w, https:\/\/www.kuvailla.fi\/wp-content\/uploads\/2023\/08\/1-silta-1536x826.jpg 1536w, https:\/\/www.kuvailla.fi\/wp-content\/uploads\/2023\/08\/1-silta.jpg 2000w\" sizes=\"auto, (max-width: 1024px) 100vw, 1024px\" \/><\/a><figcaption class=\"wp-element-caption\">Irma Pushpa, silta-1<\/figcaption><\/figure>\n\n\n\n<figure class=\"wp-block-image size-large\"><a href=\"https:\/\/www.kuvailla.fi\/wp-content\/uploads\/2023\/08\/2-leppa.jpg\"><img loading=\"lazy\" decoding=\"async\" width=\"1024\" height=\"550\" data-id=\"3361\" src=\"https:\/\/www.kuvailla.fi\/wp-content\/uploads\/2023\/08\/2-leppa-1024x550.jpg\" alt=\"\" class=\"wp-image-3361\" srcset=\"https:\/\/www.kuvailla.fi\/wp-content\/uploads\/2023\/08\/2-leppa-1024x550.jpg 1024w, https:\/\/www.kuvailla.fi\/wp-content\/uploads\/2023\/08\/2-leppa-300x161.jpg 300w, https:\/\/www.kuvailla.fi\/wp-content\/uploads\/2023\/08\/2-leppa-768x413.jpg 768w, https:\/\/www.kuvailla.fi\/wp-content\/uploads\/2023\/08\/2-leppa-1536x826.jpg 1536w, https:\/\/www.kuvailla.fi\/wp-content\/uploads\/2023\/08\/2-leppa.jpg 2000w\" sizes=\"auto, (max-width: 1024px) 100vw, 1024px\" \/><\/a><figcaption class=\"wp-element-caption\">Irma Pushpa, lepp\u00e4-2<\/figcaption><\/figure>\n\n\n\n<figure class=\"wp-block-image size-large\"><a href=\"https:\/\/www.kuvailla.fi\/wp-content\/uploads\/2023\/08\/3-pihlaja.jpg\"><img loading=\"lazy\" decoding=\"async\" width=\"1024\" height=\"550\" data-id=\"3362\" src=\"https:\/\/www.kuvailla.fi\/wp-content\/uploads\/2023\/08\/3-pihlaja-1024x550.jpg\" alt=\"\" class=\"wp-image-3362\" srcset=\"https:\/\/www.kuvailla.fi\/wp-content\/uploads\/2023\/08\/3-pihlaja-1024x550.jpg 1024w, https:\/\/www.kuvailla.fi\/wp-content\/uploads\/2023\/08\/3-pihlaja-300x161.jpg 300w, https:\/\/www.kuvailla.fi\/wp-content\/uploads\/2023\/08\/3-pihlaja-768x413.jpg 768w, https:\/\/www.kuvailla.fi\/wp-content\/uploads\/2023\/08\/3-pihlaja-1536x826.jpg 1536w, https:\/\/www.kuvailla.fi\/wp-content\/uploads\/2023\/08\/3-pihlaja.jpg 2000w\" sizes=\"auto, (max-width: 1024px) 100vw, 1024px\" \/><\/a><figcaption class=\"wp-element-caption\">Irma Pushpa, pihlaja-3<\/figcaption><\/figure>\n\n\n\n<figure class=\"wp-block-image size-large\"><a href=\"https:\/\/www.kuvailla.fi\/wp-content\/uploads\/2023\/08\/Mikko-1.jpg\"><img loading=\"lazy\" decoding=\"async\" width=\"1024\" height=\"586\" data-id=\"3350\" src=\"https:\/\/www.kuvailla.fi\/wp-content\/uploads\/2023\/08\/Mikko-1-1024x586.jpg\" alt=\"\" class=\"wp-image-3350\" srcset=\"https:\/\/www.kuvailla.fi\/wp-content\/uploads\/2023\/08\/Mikko-1-1024x586.jpg 1024w, https:\/\/www.kuvailla.fi\/wp-content\/uploads\/2023\/08\/Mikko-1-300x172.jpg 300w, https:\/\/www.kuvailla.fi\/wp-content\/uploads\/2023\/08\/Mikko-1-768x440.jpg 768w, https:\/\/www.kuvailla.fi\/wp-content\/uploads\/2023\/08\/Mikko-1-1536x879.jpg 1536w, https:\/\/www.kuvailla.fi\/wp-content\/uploads\/2023\/08\/Mikko-1.jpg 2000w\" sizes=\"auto, (max-width: 1024px) 100vw, 1024px\" \/><\/a><figcaption class=\"wp-element-caption\">M Vimalamitra-1<\/figcaption><\/figure>\n\n\n\n<figure class=\"wp-block-image size-large\"><a href=\"https:\/\/www.kuvailla.fi\/wp-content\/uploads\/2023\/08\/Mikko-2.jpg\"><img loading=\"lazy\" decoding=\"async\" width=\"1024\" height=\"768\" data-id=\"3351\" src=\"https:\/\/www.kuvailla.fi\/wp-content\/uploads\/2023\/08\/Mikko-2-1024x768.jpg\" alt=\"\" class=\"wp-image-3351\" srcset=\"https:\/\/www.kuvailla.fi\/wp-content\/uploads\/2023\/08\/Mikko-2-1024x768.jpg 1024w, https:\/\/www.kuvailla.fi\/wp-content\/uploads\/2023\/08\/Mikko-2-300x225.jpg 300w, https:\/\/www.kuvailla.fi\/wp-content\/uploads\/2023\/08\/Mikko-2-768x576.jpg 768w, https:\/\/www.kuvailla.fi\/wp-content\/uploads\/2023\/08\/Mikko-2-1536x1152.jpg 1536w, https:\/\/www.kuvailla.fi\/wp-content\/uploads\/2023\/08\/Mikko-2.jpg 2000w\" sizes=\"auto, (max-width: 1024px) 100vw, 1024px\" \/><\/a><figcaption class=\"wp-element-caption\">M Vimalamitra-2<\/figcaption><\/figure>\n\n\n\n<figure class=\"wp-block-image size-large\"><a href=\"https:\/\/www.kuvailla.fi\/wp-content\/uploads\/2023\/08\/Mikko-3.jpg\"><img loading=\"lazy\" decoding=\"async\" width=\"1024\" height=\"960\" data-id=\"3349\" src=\"https:\/\/www.kuvailla.fi\/wp-content\/uploads\/2023\/08\/Mikko-3-1024x960.jpg\" alt=\"\" class=\"wp-image-3349\" srcset=\"https:\/\/www.kuvailla.fi\/wp-content\/uploads\/2023\/08\/Mikko-3-1024x960.jpg 1024w, https:\/\/www.kuvailla.fi\/wp-content\/uploads\/2023\/08\/Mikko-3-300x281.jpg 300w, https:\/\/www.kuvailla.fi\/wp-content\/uploads\/2023\/08\/Mikko-3-768x720.jpg 768w, https:\/\/www.kuvailla.fi\/wp-content\/uploads\/2023\/08\/Mikko-3-1536x1440.jpg 1536w, https:\/\/www.kuvailla.fi\/wp-content\/uploads\/2023\/08\/Mikko-3.jpg 1600w\" sizes=\"auto, (max-width: 1024px) 100vw, 1024px\" \/><\/a><figcaption class=\"wp-element-caption\">M Vimalamitra-3<\/figcaption><\/figure>\n\n\n\n<figure class=\"wp-block-image size-large\"><a href=\"https:\/\/www.kuvailla.fi\/wp-content\/uploads\/2023\/08\/Mikko-4.jpg\"><img loading=\"lazy\" decoding=\"async\" width=\"1024\" height=\"682\" data-id=\"3352\" src=\"https:\/\/www.kuvailla.fi\/wp-content\/uploads\/2023\/08\/Mikko-4-1024x682.jpg\" alt=\"\" class=\"wp-image-3352\" srcset=\"https:\/\/www.kuvailla.fi\/wp-content\/uploads\/2023\/08\/Mikko-4-1024x682.jpg 1024w, https:\/\/www.kuvailla.fi\/wp-content\/uploads\/2023\/08\/Mikko-4-300x200.jpg 300w, https:\/\/www.kuvailla.fi\/wp-content\/uploads\/2023\/08\/Mikko-4-768x512.jpg 768w, https:\/\/www.kuvailla.fi\/wp-content\/uploads\/2023\/08\/Mikko-4-1536x1024.jpg 1536w, https:\/\/www.kuvailla.fi\/wp-content\/uploads\/2023\/08\/Mikko-4.jpg 2000w\" sizes=\"auto, (max-width: 1024px) 100vw, 1024px\" \/><\/a><figcaption class=\"wp-element-caption\">M Vimalamitra-4<\/figcaption><\/figure>\n\n\n\n<figure class=\"wp-block-image size-large\"><a href=\"https:\/\/www.kuvailla.fi\/wp-content\/uploads\/2023\/08\/01-Lydia-Palo.jpg\"><img loading=\"lazy\" decoding=\"async\" width=\"1024\" height=\"769\" data-id=\"3353\" src=\"https:\/\/www.kuvailla.fi\/wp-content\/uploads\/2023\/08\/01-Lydia-Palo-1024x769.jpg\" alt=\"\" class=\"wp-image-3353\" srcset=\"https:\/\/www.kuvailla.fi\/wp-content\/uploads\/2023\/08\/01-Lydia-Palo-1024x769.jpg 1024w, https:\/\/www.kuvailla.fi\/wp-content\/uploads\/2023\/08\/01-Lydia-Palo-300x225.jpg 300w, https:\/\/www.kuvailla.fi\/wp-content\/uploads\/2023\/08\/01-Lydia-Palo-768x577.jpg 768w, https:\/\/www.kuvailla.fi\/wp-content\/uploads\/2023\/08\/01-Lydia-Palo-1536x1154.jpg 1536w, https:\/\/www.kuvailla.fi\/wp-content\/uploads\/2023\/08\/01-Lydia-Palo.jpg 2000w\" sizes=\"auto, (max-width: 1024px) 100vw, 1024px\" \/><\/a><figcaption class=\"wp-element-caption\">Lydia Palo-1<\/figcaption><\/figure>\n\n\n\n<figure class=\"wp-block-image size-large\"><a href=\"https:\/\/www.kuvailla.fi\/wp-content\/uploads\/2023\/08\/02-Lydia-Palo.jpg\"><img loading=\"lazy\" decoding=\"async\" width=\"769\" height=\"1024\" data-id=\"3354\" src=\"https:\/\/www.kuvailla.fi\/wp-content\/uploads\/2023\/08\/02-Lydia-Palo-769x1024.jpg\" alt=\"\" class=\"wp-image-3354\" srcset=\"https:\/\/www.kuvailla.fi\/wp-content\/uploads\/2023\/08\/02-Lydia-Palo-769x1024.jpg 769w, https:\/\/www.kuvailla.fi\/wp-content\/uploads\/2023\/08\/02-Lydia-Palo-225x300.jpg 225w, https:\/\/www.kuvailla.fi\/wp-content\/uploads\/2023\/08\/02-Lydia-Palo-768x1023.jpg 768w, https:\/\/www.kuvailla.fi\/wp-content\/uploads\/2023\/08\/02-Lydia-Palo-1154x1536.jpg 1154w, https:\/\/www.kuvailla.fi\/wp-content\/uploads\/2023\/08\/02-Lydia-Palo.jpg 1502w\" sizes=\"auto, (max-width: 769px) 100vw, 769px\" \/><\/a><figcaption class=\"wp-element-caption\">Lydia Palo-2<\/figcaption><\/figure>\n\n\n\n<figure class=\"wp-block-image size-large\"><a href=\"https:\/\/www.kuvailla.fi\/wp-content\/uploads\/2023\/08\/03-Lydia-Palo.jpg\"><img loading=\"lazy\" decoding=\"async\" width=\"769\" height=\"1024\" data-id=\"3355\" src=\"https:\/\/www.kuvailla.fi\/wp-content\/uploads\/2023\/08\/03-Lydia-Palo-769x1024.jpg\" alt=\"\" class=\"wp-image-3355\" srcset=\"https:\/\/www.kuvailla.fi\/wp-content\/uploads\/2023\/08\/03-Lydia-Palo-769x1024.jpg 769w, https:\/\/www.kuvailla.fi\/wp-content\/uploads\/2023\/08\/03-Lydia-Palo-225x300.jpg 225w, https:\/\/www.kuvailla.fi\/wp-content\/uploads\/2023\/08\/03-Lydia-Palo-768x1023.jpg 768w, https:\/\/www.kuvailla.fi\/wp-content\/uploads\/2023\/08\/03-Lydia-Palo-1154x1536.jpg 1154w, https:\/\/www.kuvailla.fi\/wp-content\/uploads\/2023\/08\/03-Lydia-Palo.jpg 1502w\" sizes=\"auto, (max-width: 769px) 100vw, 769px\" \/><\/a><figcaption class=\"wp-element-caption\">Lydia Palo-3<\/figcaption><\/figure>\n\n\n\n<figure class=\"wp-block-image size-large\"><a href=\"https:\/\/www.kuvailla.fi\/wp-content\/uploads\/2023\/08\/04-Lydia-Palo.jpg\"><img loading=\"lazy\" decoding=\"async\" width=\"1024\" height=\"769\" data-id=\"3356\" src=\"https:\/\/www.kuvailla.fi\/wp-content\/uploads\/2023\/08\/04-Lydia-Palo-1024x769.jpg\" alt=\"\" class=\"wp-image-3356\" srcset=\"https:\/\/www.kuvailla.fi\/wp-content\/uploads\/2023\/08\/04-Lydia-Palo-1024x769.jpg 1024w, https:\/\/www.kuvailla.fi\/wp-content\/uploads\/2023\/08\/04-Lydia-Palo-300x225.jpg 300w, https:\/\/www.kuvailla.fi\/wp-content\/uploads\/2023\/08\/04-Lydia-Palo-768x577.jpg 768w, https:\/\/www.kuvailla.fi\/wp-content\/uploads\/2023\/08\/04-Lydia-Palo-1536x1154.jpg 1536w, https:\/\/www.kuvailla.fi\/wp-content\/uploads\/2023\/08\/04-Lydia-Palo.jpg 2000w\" sizes=\"auto, (max-width: 1024px) 100vw, 1024px\" \/><\/a><figcaption class=\"wp-element-caption\">Lydia Palo-4<\/figcaption><\/figure>\n<\/figure>\n\n\n\n<p>\u00a9 Kuvat ovat kuvaajien omaisuutta ja k\u00e4ytt\u00f6 ilman lupaa rikkoo EU-alueella olevaa lakia tekij\u00e4noikeuksista ja universaaleja eettisi\u00e4 periaatteita. <br \/><br \/>\u00a9 All the pictures are legally owned by photographers and using the pictures without permission is a violation against copyright laws in the EU and universal principles of ethics.<\/p>\n<p>Julkaisuoikeudet:<em> Bodhidharma ry: www.bodhidharma.fi ja Suomen Buddhalainen Unioni. www.sbu.fi sek\u00e4<\/em><br \/><em>Mikko Vimalamitra Koponen: www.kuvailla.fi\u00a0<\/em><\/p>\n","protected":false},"excerpt":{"rendered":"<p>Olimme sopineet tapaamisen 12.8.2023 Helsingin Kampin linja-autoasemalle, koska autopaikkoja Seurasaaren edess\u00e4 on varsin v\u00e4h\u00e4n. Bussi toimi moitteettomasti kohtuullisella hiilijalanj\u00e4ljell\u00e4 ja ehdimme tutustua matkalla osanottajajoukkoon, joka koostui kolmesta osallistujasta allekirjoittaneen lis\u00e4ksi. <a class=\"more-link\" href=\"https:\/\/www.kuvailla.fi\/?page_id=3340\">Lue lis\u00e4\u00e4 &#8230;<\/a><\/p>\n","protected":false},"author":1,"featured_media":0,"parent":0,"menu_order":0,"comment_status":"closed","ping_status":"closed","template":"","meta":{"footnotes":""},"class_list":["post-3340","page","type-page","status-publish","hentry"],"_links":{"self":[{"href":"https:\/\/www.kuvailla.fi\/index.php?rest_route=\/wp\/v2\/pages\/3340","targetHints":{"allow":["GET"]}}],"collection":[{"href":"https:\/\/www.kuvailla.fi\/index.php?rest_route=\/wp\/v2\/pages"}],"about":[{"href":"https:\/\/www.kuvailla.fi\/index.php?rest_route=\/wp\/v2\/types\/page"}],"author":[{"embeddable":true,"href":"https:\/\/www.kuvailla.fi\/index.php?rest_route=\/wp\/v2\/users\/1"}],"replies":[{"embeddable":true,"href":"https:\/\/www.kuvailla.fi\/index.php?rest_route=%2Fwp%2Fv2%2Fcomments&post=3340"}],"version-history":[{"count":15,"href":"https:\/\/www.kuvailla.fi\/index.php?rest_route=\/wp\/v2\/pages\/3340\/revisions"}],"predecessor-version":[{"id":3390,"href":"https:\/\/www.kuvailla.fi\/index.php?rest_route=\/wp\/v2\/pages\/3340\/revisions\/3390"}],"wp:attachment":[{"href":"https:\/\/www.kuvailla.fi\/index.php?rest_route=%2Fwp%2Fv2%2Fmedia&parent=3340"}],"curies":[{"name":"wp","href":"https:\/\/api.w.org\/{rel}","templated":true}]}}