{"id":3490,"date":"2024-02-07T14:23:01","date_gmt":"2024-02-07T14:23:01","guid":{"rendered":"https:\/\/www.kuvailla.fi\/?page_id=3490"},"modified":"2024-02-12T12:06:24","modified_gmt":"2024-02-12T12:06:24","slug":"dia-testi","status":"publish","type":"page","link":"https:\/\/www.kuvailla.fi\/?page_id=3490","title":{"rendered":"ZEN-VALOKUVAUKSEN NETTIN\u00c4YTTELY"},"content":{"rendered":"\n<p>&nbsp;<\/p>\n<p><iframe loading=\"lazy\" src=\"https:\/\/docs.google.com\/presentation\/d\/e\/2PACX-1vRweRfHMdD3bEZiqpVwkH0Ar-S6JZ0QTQSh21H2o1mNWi6aKwMu3FYMOsudZm71Qc3iPwmuIQbbKyGd\/embed?start=true&amp;loop=true&amp;delayms=10000\" width=\"1130\" height=\"668\" frameborder=\"0\" allowfullscreen=\"allowfullscreen\"><\/iframe><\/p>\n\n\n\n<h4><strong>TIETOA ZEN-VALOKUVAUKSEN NETTIN\u00c4YTTELYN L\u00c4HT\u00d6KOHDISTA<\/strong><\/h4>\n<p style=\"text-align: justify;\"><em><span style=\"font-weight: 400; font-size: 20px;\">Zen-valokuvaus on tapa katsoa kameran kautta maailmaa sellaisena, kuinka se ilmenee meille &#8221;juuri nyt t\u00e4ss\u00e4 hetkess\u00e4&#8221;. Parhaimmillaan kuvaaja v\u00e4litt\u00e4\u00e4 valokuvan kautta kokemuksen ja tulkinnan maailmasta, joka her\u00e4tti kuvaajan kiinnostuksen kohteesta.<\/span><\/em><\/p>\n<p style=\"text-align: justify;\"><span style=\"font-weight: 400; font-size: 20px;\">Tavoittelemme hetke\u00e4, jossa olemme vapaita\u00a0 pyrkimyksest\u00e4 johonkin lopputulokseen, jo n\u00e4htyyn tai yrityksest\u00e4 kopioida jonkun toisen hieno valokuva. Menetelm\u00e4n\u00e4\u00a0 k\u00e4yt\u00e4mme hiljentymist\u00e4 ja rauhoittumista sek\u00e4 niist\u00e4 kehittyv\u00e4\u00e4 mielen hiljaisuutta. Valokuvaaminen helpottuu, koska ajatukset eiv\u00e4t askartele kysymyksiss\u00e4 kuten: onko valokuva hyv\u00e4, kenelle n\u00e4yt\u00e4n sit\u00e4, teenk\u00f6 siit\u00e4 kehystetyn kuvan sein\u00e4lle ja mit\u00e4h\u00e4n siit\u00e4 tyk\u00e4t\u00e4\u00e4n\u2026? Loputtomasti ajatuksia, jotka risteilev\u00e4t menneiss\u00e4 ja tulevissa hetkiss\u00e4, ja alkavat peitt\u00e4\u00e4 meid\u00e4n havaintoamme kohteesta, jonka n\u00e4imme ja joka kipin\u00e4n tavoin sys\u00e4si ottamaan valokuvan. Kulkemalla mieli huolia ja suunnitelmia vailla mets\u00e4polulla tai rannoilla ja jopa kaupungilla kohteet suorastaan kutsuvat meit\u00e4 nappaamaan valokuvan. Kaikki, mik\u00e4 p\u00e4tee sommittelussa tai valotuksessa hyv\u00e4st\u00e4 tasapainosta kuvassa ovat kuvan rakennuspalikoita, niist\u00e4 ei kannata olla huolissaan. Taidot kasvavat vain kuvaamalla ja innostus syntyy luovista hetkist\u00e4 ja valokuvista, joissa kuvaaja tuntee iloa ja onnistumista. Valokuvat ovat kurssille osallistujien itsens\u00e4 valitsemia juuri edell\u00e4 mainitulla perusteella.<\/span><\/p>\n<p style=\"text-align: justify;\"><span style=\"font-size: 20px;\"><span style=\"font-weight: 400;\">Kuvat on asetettu n\u00e4yttelyyn saapumisj\u00e4rjestyksess\u00e4, nimell\u00e4 tai nimimerkill\u00e4. Joillekin kuville oli annettu nimi\u00e4, ne on j\u00e4tetty pois tarkoituksella, katsojatkin voi osallistua katsomiseen ilman ohjausta. <br \/><br \/>N\u00e4yttelysivun avautuessa saat kuvaesityksen toimimaan nuolin\u00e4pp\u00e4imill\u00e4 &lt; &gt;. Automaattisen esityksen valinta l\u00f6ytyy kolmesta pisteest\u00e4, jotka ovat vasemmassa alakulmassa. Esitys toimii parhaimmillaan isolta n\u00e4yt\u00f6lt\u00e4, kokoruudun kokoiset kuvat saat painamalla yht\u00e4ikaa n\u00e4pp\u00e4in yhdistelm\u00e4\u00e4 Ctrl+Shit+F ja Esc-n\u00e4pp\u00e4in palauttaa n\u00e4yt\u00f6n takaisin.<br \/><br \/><\/span><\/span><span style=\"font-size: 20px;\"><span style=\"font-weight: 400;\">Kurssin ohjaajana toivotan kaikille kurssiin osallitujille hyvi\u00e4 hetki\u00e4 valokuvauksen parissa ja kiit\u00e4n teit\u00e4 innostuneesta osallistumisesta.<br \/><br \/>T\u00e4m\u00e4 valokuvagalleria on osa YK:n \u201dUskontojen ja katsomusten yhteisymm\u00e4rrysviikon\u201d 1.2. -7.2.2024 tapahtumaa. <a href=\"http:\/\/www.sbu.fi\/\" target=\"_blank\" rel=\"noopener\">Suomen Buddhalainen Unioni<\/a>\u00a0ja\u00a0<a href=\"https:\/\/dialogikasvatus.fi\/fokus-ry\/etusivu\/\" target=\"_blank\" rel=\"noopener\">Kulttuuri- ja uskontofoorumi FOKUS ry<\/a> \u00a0sek\u00e4\u00a0<a href=\"https:\/\/www.bodhidharma.fi\/\" target=\"_blank\" rel=\"noopener\">Bodhidharma ry<\/a>\u00a0 j\u00e4rjestiv\u00e4t yhdess\u00e4 kaikille avoimen zen-valokuvauksen kurssin.<\/span><span style=\"font-weight: 400;\"><br \/><\/span><\/span><\/p>\n<p style=\"text-align: justify;\"><span style=\"font-size: 20px;\"><span style=\"font-weight: 400;\">12.2.2024 Helsingiss\u00e4<\/span><span style=\"font-weight: 400;\"><br \/><\/span><span style=\"font-weight: 400;\">Terveisin Mikko Vimalamitra<\/span><span style=\"font-weight: 400;\"><br \/><\/span><span style=\"font-weight: 400;\">Dharmaopettaja<\/span><span style=\"font-weight: 400;\"><br \/><\/span><span style=\"font-weight: 400;\">Bodhidharma ry<\/span><\/span><\/p>\n","protected":false},"excerpt":{"rendered":"<p>&nbsp; TIETOA ZEN-VALOKUVAUKSEN NETTIN\u00c4YTTELYN L\u00c4HT\u00d6KOHDISTA Zen-valokuvaus on tapa katsoa kameran kautta maailmaa sellaisena, kuinka se ilmenee meille &#8221;juuri nyt t\u00e4ss\u00e4 hetkess\u00e4&#8221;. Parhaimmillaan kuvaaja v\u00e4litt\u00e4\u00e4 valokuvan kautta kokemuksen ja tulkinnan maailmasta, <a class=\"more-link\" href=\"https:\/\/www.kuvailla.fi\/?page_id=3490\">Lue lis\u00e4\u00e4 &#8230;<\/a><\/p>\n","protected":false},"author":1,"featured_media":0,"parent":0,"menu_order":0,"comment_status":"closed","ping_status":"closed","template":"","meta":{"footnotes":""},"class_list":["post-3490","page","type-page","status-publish","hentry"],"_links":{"self":[{"href":"https:\/\/www.kuvailla.fi\/index.php?rest_route=\/wp\/v2\/pages\/3490","targetHints":{"allow":["GET"]}}],"collection":[{"href":"https:\/\/www.kuvailla.fi\/index.php?rest_route=\/wp\/v2\/pages"}],"about":[{"href":"https:\/\/www.kuvailla.fi\/index.php?rest_route=\/wp\/v2\/types\/page"}],"author":[{"embeddable":true,"href":"https:\/\/www.kuvailla.fi\/index.php?rest_route=\/wp\/v2\/users\/1"}],"replies":[{"embeddable":true,"href":"https:\/\/www.kuvailla.fi\/index.php?rest_route=%2Fwp%2Fv2%2Fcomments&post=3490"}],"version-history":[{"count":54,"href":"https:\/\/www.kuvailla.fi\/index.php?rest_route=\/wp\/v2\/pages\/3490\/revisions"}],"predecessor-version":[{"id":3847,"href":"https:\/\/www.kuvailla.fi\/index.php?rest_route=\/wp\/v2\/pages\/3490\/revisions\/3847"}],"wp:attachment":[{"href":"https:\/\/www.kuvailla.fi\/index.php?rest_route=%2Fwp%2Fv2%2Fmedia&parent=3490"}],"curies":[{"name":"wp","href":"https:\/\/api.w.org\/{rel}","templated":true}]}}