{"id":3841,"date":"2024-11-18T11:54:31","date_gmt":"2024-11-18T11:54:31","guid":{"rendered":"https:\/\/www.kuvailla.fi\/?page_id=3841"},"modified":"2024-11-20T10:38:01","modified_gmt":"2024-11-20T10:38:01","slug":"zen-valokuvausta-mustikkamaalla","status":"publish","type":"page","link":"https:\/\/www.kuvailla.fi\/?page_id=3841","title":{"rendered":"Zen-valokuvausta Mustikkamaalla"},"content":{"rendered":"\n<p style=\"text-align: justify;\"><iframe loading=\"lazy\" src=\"https:\/\/docs.google.com\/presentation\/d\/e\/2PACX-1vQM41O5qu8Kr-3Ngod3RGxeX0ii4iMRFgupHR1td9MZprIfP0cgI-Kvb7H-rGNw_HTNsn9RNMxakrqc\/embed?start=true&amp;loop=true&amp;delayms=10000\" width=\"1200\" height=\"720\" frameborder=\"0\" allowfullscreen=\"allowfullscreen\"><\/iframe><\/p>\n<div><strong style=\"font-size: large;\">Esitys k\u00e4ynnistyy automaattisesti <\/strong><span style=\"font-size: large;\">ja n\u00e4ytt\u00e4\u00e4 kuvia 10 sekunnin v\u00e4lein. Parhaimmillaan kuvat n\u00e4kyv\u00e4t isolla n\u00e4yt\u00f6ll\u00e4. Koko ruudun kokoiset kuvan saat painamalla n\u00e4pp\u00e4inyhdistelm\u00e4\u00e4\u00a0<\/span><strong style=\"font-size: large;\">Ctrl<\/strong><span style=\"font-size: large;\">+<\/span><strong style=\"font-size: large;\">Shift<\/strong><span style=\"font-size: large;\">+<\/span><strong style=\"font-size: large;\"><wbr \/>F<\/strong><span style=\"font-size: large;\">\u00a0ja\u00a0<\/span><b style=\"font-size: large;\">Esc<\/b><span style=\"font-size: large;\">-n\u00e4pp\u00e4in palauttaa n\u00e4yt\u00f6n takaisin selauskokoon. Voit my\u00f6s selata kuvia nuolin\u00e4pp\u00e4imill\u00e4\u00a0<\/span><strong style=\"font-size: large;\">&lt;<\/strong><span style=\"font-size: large;\">\u00a0<\/span><strong style=\"font-size: large;\">&gt;<\/strong><span style=\"font-size: large;\">\u00a0omaan tahtiin. Automaattiseen esitykseen p\u00e4\u00e4set takaisin kolmesta pisteest\u00e4, jotka ovat esitysruudun vasemmassa alakulmassa. Katsele kuvia ja rentoudu kuvien \u00e4\u00e4ress\u00e4.<\/span><\/div>\n<div>\n<div class=\"gmail_default\"><span style=\"font-size: large;\">\u00a0<\/span><\/div>\n<h2><strong><span style=\"font-size: large;\">Zen-valokuvausk\u00e4velyretki 9. marraskuuta 2024 Mustikkamaalla<\/span><\/strong><\/h2>\n<div><strong><span style=\"font-size: large;\">\u00a0<\/span><\/strong><\/div>\n<p><span style=\"font-size: large;\"><strong>Mustikkamaa<\/strong>\u00a0on helposti tavoitettavissa julkisilla kulkuv\u00e4lineill\u00e4 ja valikoitui sen vuoksi t\u00e4m\u00e4n syksyn zen-valokuvausk\u00e4velyretken kohteeksi. Retkikutsu oli suunnattu kaikenlaisille kuvaajille. Retki\u00a0sopi hyvin niin k\u00e4nnykk\u00e4kuvaajille kuin j\u00e4rkk\u00e4rikameran k\u00e4ytt\u00e4jille. Kahdeksasta osallistujasta seitsem\u00e4n kuvasi puhelimella ja yksi pikakameralla, joka tekee valmiita paperikuvia. Paraskaan valokuvauskone ei tee kiinnostavia valokuvia ilman n\u00e4kev\u00e4\u00e4 silm\u00e4\u00e4 ja havaitsevaa mielt\u00e4. Siksi retken alustuksessa tapahtuman vet\u00e4j\u00e4 kehotti pit\u00e4m\u00e4\u00e4n kiinnostuksen n\u00e4kemisess\u00e4 eik\u00e4 kameroissa.<\/span><\/p>\n<p><span style=\"font-size: large;\"><strong>Zen-sana viittaa harjoitukseen<\/strong>, jossa j\u00e4tet\u00e4\u00e4n pyrkiminen ja saavuttaminen pois ja luotetaan siihen, ett\u00e4 maailma on juuri sellainen kuin se on. Meid\u00e4n impulsiivinen mielemme vain peitt\u00e4\u00e4 kaiken \u201dkatoavan kauneuden ja olemassaolon hetkellisyyden haikeuden\u201d (lainaus: japanilaisesta wabi- ja sabi-esteettisest\u00e4 k\u00e4sitteest\u00e4).\u00a0<\/span><\/p>\n<p><span style=\"font-size: large;\"><strong>Hiljaisuus ja avara mieli<\/strong>\u00a0sek\u00e4 luottamus siihen, ett\u00e4 valokuvaukselliset kohteet l\u00f6yt\u00e4v\u00e4t kuvaajansa ovat avain t\u00e4ss\u00e4 harjoituksessa. Hiljainen mieli havainnoi ja n\u00e4kee selke\u00e4sti. Menetelm\u00e4n\u00e4 saavuttaa hiljainen mieli oli hidas k\u00e4veleminen, jossa aistit avoimena ja tarkkaavaisena kohdataan kaikkea kiinnostavaa ilman arvottamista hyv\u00e4\u00e4n ja huonoon. Harjoituksessa emme my\u00f6sk\u00e4\u00e4n hae jotain valmista kuvaa, jonka olemme n\u00e4hneet jossakin. Me hylk\u00e4\u00e4mme halun saada valokuva, jonka joku toinen on jo ottanut.<br \/><br \/><strong>Me kaikki olemme n\u00e4hneet<\/strong>\u00a0tuhansia hienoja valokuvia, ja ne rasittavat omaa n\u00e4kemist\u00e4mme, jos emme tiedosta t\u00e4t\u00e4 tulvaa, jolle mielemme on altistunut. N\u00e4hdess\u00e4mme kohteen, mieli salamannopeasti ehdottaa jotain n\u00e4hty\u00e4 kompositiota tai tapaa rajata kuva. Mieli saattaa askarrella varsin turhaan, onko kuva hyv\u00e4, ja pohtia ep\u00e4varmasti, kelpaako t\u00e4llainen kuva mihink\u00e4\u00e4n? Toki hyv\u00e4 kompositio ei haittaa ja kiinnostavaa kuvaa on toki mukava katsella. Kuvaustaidot kasvavat kuvaamalla ja on hyv\u00e4 olla kiinnostunut valokuvauksen opiskelusta.<\/span><\/p>\n<p><span style=\"font-size: large;\"><strong>Hiljaisella mielell\u00e4<\/strong>\u00a0on hyv\u00e4 tarkkailla kohdetta pidemm\u00e4n aikaa. Silloin alamme n\u00e4hd\u00e4 kohteen paremmin sellaisena kuin se on olemassa juuri siin\u00e4 hetkess\u00e4. Itse asiassa se on riemukas hetki, kun saa pyyhitty\u00e4 oletukset pois ja kuvaaja ja kohde ovat yht\u00e4 samaa hetke\u00e4. Sellainen kuva kannattaa kuvata.<\/span><\/p>\n<p><span style=\"font-size: large;\"><strong>Nettin\u00e4yttelyn kuvat ovat<\/strong>\u00a0kuvaajien omaa kokemusta n\u00e4kemisest\u00e4 ja kohtaamisesta kohteen ehdoilla. Jokainen valokuvaaja\u00a0 osallistuu n\u00e4yttelyyn kolmesta viiteen valokuvalla. Kuvia ei ole arvosteltu tai laitettu paremmuusj\u00e4rjestykseen, vaan ne ovat saapumisj\u00e4rjestyksess\u00e4 katseltavissa.<br \/><br \/><strong>Kuvat ovat kuvaajien omaisuutta<\/strong>, jota suojaa tekij\u00e4noikeudet. Kuvien lainaaminen ja kopioiminen ilman kuvaajan lupaa ei ole sallittu.<\/span><\/p>\n<p><span style=\"font-size: large;\">Helsingiss\u00e4 12.11.2024<br \/>Mikko Vimalamitra Koponen<br \/>Dharmaopettaja<br \/>Bodhidharma ry<\/span><\/p>\n<\/div>\n<p>\u00a0<\/p>\n","protected":false},"excerpt":{"rendered":"<p>Esitys k\u00e4ynnistyy automaattisesti ja n\u00e4ytt\u00e4\u00e4 kuvia 10 sekunnin v\u00e4lein. Parhaimmillaan kuvat n\u00e4kyv\u00e4t isolla n\u00e4yt\u00f6ll\u00e4. Koko ruudun kokoiset kuvan saat painamalla n\u00e4pp\u00e4inyhdistelm\u00e4\u00e4\u00a0Ctrl+Shift+F\u00a0ja\u00a0Esc-n\u00e4pp\u00e4in palauttaa n\u00e4yt\u00f6n takaisin selauskokoon. Voit my\u00f6s selata kuvia nuolin\u00e4pp\u00e4imill\u00e4\u00a0&lt;\u00a0&gt;\u00a0omaan <a class=\"more-link\" href=\"https:\/\/www.kuvailla.fi\/?page_id=3841\">Lue lis\u00e4\u00e4 &#8230;<\/a><\/p>\n","protected":false},"author":1,"featured_media":0,"parent":0,"menu_order":0,"comment_status":"closed","ping_status":"closed","template":"","meta":{"footnotes":""},"class_list":["post-3841","page","type-page","status-publish","hentry"],"_links":{"self":[{"href":"https:\/\/www.kuvailla.fi\/index.php?rest_route=\/wp\/v2\/pages\/3841","targetHints":{"allow":["GET"]}}],"collection":[{"href":"https:\/\/www.kuvailla.fi\/index.php?rest_route=\/wp\/v2\/pages"}],"about":[{"href":"https:\/\/www.kuvailla.fi\/index.php?rest_route=\/wp\/v2\/types\/page"}],"author":[{"embeddable":true,"href":"https:\/\/www.kuvailla.fi\/index.php?rest_route=\/wp\/v2\/users\/1"}],"replies":[{"embeddable":true,"href":"https:\/\/www.kuvailla.fi\/index.php?rest_route=%2Fwp%2Fv2%2Fcomments&post=3841"}],"version-history":[{"count":39,"href":"https:\/\/www.kuvailla.fi\/index.php?rest_route=\/wp\/v2\/pages\/3841\/revisions"}],"predecessor-version":[{"id":3900,"href":"https:\/\/www.kuvailla.fi\/index.php?rest_route=\/wp\/v2\/pages\/3841\/revisions\/3900"}],"wp:attachment":[{"href":"https:\/\/www.kuvailla.fi\/index.php?rest_route=%2Fwp%2Fv2%2Fmedia&parent=3841"}],"curies":[{"name":"wp","href":"https:\/\/api.w.org\/{rel}","templated":true}]}}